{"id":1151,"date":"2017-03-14T16:33:36","date_gmt":"2017-03-14T15:33:36","guid":{"rendered":"https:\/\/www.ulrike-leopold.de\/home\/?page_id=1151"},"modified":"2022-12-29T16:10:29","modified_gmt":"2022-12-29T15:10:29","slug":"alles-nur-ein-spiel","status":"publish","type":"page","link":"https:\/\/www.ulrike-leopold.de\/home\/texte\/alles-nur-ein-spiel\/","title":{"rendered":"Alles nur ein Spiel"},"content":{"rendered":"<p><strong>Alles nur ein Spiel<\/strong><\/p>\n<p>Doppeldeutig wie der Titel der Ausstellung kommen sie daher, die Bilder von Ulrike Leopold.<br \/>\nAlles \u2013 nur \u2013 ein \u2013 Spiel!, das bedeutet nicht: Das ganze Leben ist ein Quiz, gleichwohl haben die Bilder Ulrike Leopolds etwas mit Spielregeln oder auch Lebensregeln zu tun. Angelehnt und abgeguckt sind die Gesten, Posen und Haltungen allesamt aus dem Sport\/Fu\u00dfball. Darin spiegelt sich eine enorme Bandbreite menschlicher Emotionen, die Leopold auf gewohnt hiebfeste, treffende Weise mit Pinsel und Stift einf\u00e4ngt. Hier wie da, kommen ihre Bilder farblich frisch, in blassem Orange, zartem Hellblau oder auch einem Neongelb, immer umgeben von Schwarz- und Graut\u00f6nen daher.<br \/>\nInhaltlich gewichtig.<br \/>\nDie erste Begegnung ist dementsprechend leicht und fl\u00fcssig, um anschlie\u00dfend mit Nachdruck auf das enge Beieinander von Belanglosem, Banalem, Exzessivem sowie Euphorie, Ekstase, Existentiellem, Freude, Trauer und Verlorensein hinzuweisen. Verkrampfte, niedergedr\u00fcckte, aber auch fest umschlungene, sich in den Armen liegende Menschen, die trotz ihrer Gesichtslosigkeit als m\u00e4nnlich zu interpretieren sind, bewegen sich \u00fcber Leinwand und Papier. Teilweise sind diese Figuren so ineinander verkn\u00e4ult, dass nicht mehr sicher auszumachen ist, wem welches K\u00f6rperteil geh\u00f6rt.<\/p>\n<p>Die Intensit\u00e4t der Bilder bewirkt, dass wir als Betrachter_innen nicht leicht von ihnen loskommen und gerade dadurch immer wieder Neues entdecken d\u00fcrfen. So beispielsweise kleine Gruppen von Menschen in den Hintergr\u00fcnden, die die Szene im Vordergrund in ihrem Ausdruck unterst\u00fctzt oder karikiert, weil sie wirken, als w\u00fcrden sie Anteil nehmen oder wie Gecken die Szene beobachten, als w\u00e4ren sie eine Zuschauermenge, die von der K\u00fcnstlerin als Kommentatoren bewusst ins Bild gesetzt wurden. Die Intimit\u00e4t der dargestellten Emotionen, die wir ansonsten gewohnt sind nicht \u00f6ffentlich auszuleben oder zu sehen \u2013 es sein denn, wir sind Publikum oder Fan irgendeines Sportevents, explizit trifft dies wohl f\u00fcr Fu\u00dfballstadien zu \u2013 hebt sich auf gewisse Weise wieder auf, weil die Emotionen in Ulrike Leopolds Bildern public werden und wir folglich Publikum und Voyeur zugleich.<\/p>\n<p>Wir beobachten St\u00fcrze von Menschen, Aufspringen, Schattenwesen, Geb\u00fccktsein, Jubilieren, vibrierende Siegerposen u.v.m. Diese Szenen k\u00f6nnen wie ein Totentanz und gleichzeitig wie ein taumelnder Freudentanz wirken, jeweils in Abh\u00e4ngigkeit der Interpretation der Betrachter_innen, die ihren eigenen Sozialisationen und Erfahrungen folgen.<\/p>\n<p>Am Ende sind wir geneigt den Gestrandeten oder Gebeugten leise \u201eMach weiter, steh auf!\u201c ins Ohr zu hauchen, um ihnen Mut zu machen oder uns dem Freudentaumel anderer anzuschlie\u00dfen.<br \/>\n<em><br \/>\nText: \u00a9<\/em> <em>Andrea L\u00fchmann<\/em><\/p>\n<p>Ausstellung <em>&#8218;Alles nur ein Spiel&#8216;\u00a0<\/em> in der Kleinen Galerie, Bremen, 2011<\/p>\n","protected":false},"excerpt":{"rendered":"<p>Alles nur ein Spiel Doppeldeutig wie der Titel der Ausstellung kommen sie daher, die Bilder von Ulrike Leopold. Alles \u2013 nur \u2013 ein \u2013 Spiel!, das bedeutet nicht: Das ganze Leben ist ein Quiz, gleichwohl haben die Bilder Ulrike Leopolds etwas mit Spielregeln oder auch Lebensregeln zu tun. Angelehnt und abgeguckt sind die Gesten, Posen [&hellip;]<\/p>\n","protected":false},"author":1,"featured_media":0,"parent":31,"menu_order":0,"comment_status":"closed","ping_status":"closed","template":"","meta":{"footnotes":""},"categories":[33],"tags":[],"class_list":["post-1151","page","type-page","status-publish","hentry","category-texte"],"yoast_head":"<!-- This site is optimized with the Yoast SEO plugin v27.4 - https:\/\/yoast.com\/product\/yoast-seo-wordpress\/ -->\n<title>Alles nur ein Spiel - Ulrike Leopold<\/title>\n<meta name=\"robots\" content=\"index, follow, max-snippet:-1, max-image-preview:large, max-video-preview:-1\" \/>\n<link rel=\"canonical\" href=\"https:\/\/www.ulrike-leopold.de\/home\/texte\/alles-nur-ein-spiel\/\" \/>\n<meta property=\"og:locale\" content=\"de_DE\" \/>\n<meta property=\"og:type\" content=\"article\" \/>\n<meta property=\"og:title\" content=\"Alles nur ein Spiel - Ulrike Leopold\" \/>\n<meta property=\"og:description\" content=\"Alles nur ein Spiel Doppeldeutig wie der Titel der Ausstellung kommen sie daher, die Bilder von Ulrike Leopold. Alles \u2013 nur \u2013 ein \u2013 Spiel!, das bedeutet nicht: Das ganze Leben ist ein Quiz, gleichwohl haben die Bilder Ulrike Leopolds etwas mit Spielregeln oder auch Lebensregeln zu tun. Angelehnt und abgeguckt sind die Gesten, Posen [&hellip;]\" \/>\n<meta property=\"og:url\" content=\"https:\/\/www.ulrike-leopold.de\/home\/texte\/alles-nur-ein-spiel\/\" \/>\n<meta property=\"og:site_name\" content=\"Ulrike Leopold\" \/>\n<meta property=\"article:modified_time\" content=\"2022-12-29T15:10:29+00:00\" \/>\n<meta name=\"twitter:card\" content=\"summary_large_image\" \/>\n<meta name=\"twitter:label1\" content=\"Gesch\u00e4tzte Lesezeit\" \/>\n\t<meta name=\"twitter:data1\" content=\"3\u00a0Minuten\" \/>\n<script type=\"application\/ld+json\" class=\"yoast-schema-graph\">{\"@context\":\"https:\\\/\\\/schema.org\",\"@graph\":[{\"@type\":\"WebPage\",\"@id\":\"https:\\\/\\\/www.ulrike-leopold.de\\\/home\\\/texte\\\/alles-nur-ein-spiel\\\/\",\"url\":\"https:\\\/\\\/www.ulrike-leopold.de\\\/home\\\/texte\\\/alles-nur-ein-spiel\\\/\",\"name\":\"Alles nur ein Spiel - Ulrike Leopold\",\"isPartOf\":{\"@id\":\"https:\\\/\\\/www.ulrike-leopold.de\\\/home\\\/#website\"},\"datePublished\":\"2017-03-14T15:33:36+00:00\",\"dateModified\":\"2022-12-29T15:10:29+00:00\",\"breadcrumb\":{\"@id\":\"https:\\\/\\\/www.ulrike-leopold.de\\\/home\\\/texte\\\/alles-nur-ein-spiel\\\/#breadcrumb\"},\"inLanguage\":\"de\",\"potentialAction\":[{\"@type\":\"ReadAction\",\"target\":[\"https:\\\/\\\/www.ulrike-leopold.de\\\/home\\\/texte\\\/alles-nur-ein-spiel\\\/\"]}]},{\"@type\":\"BreadcrumbList\",\"@id\":\"https:\\\/\\\/www.ulrike-leopold.de\\\/home\\\/texte\\\/alles-nur-ein-spiel\\\/#breadcrumb\",\"itemListElement\":[{\"@type\":\"ListItem\",\"position\":1,\"name\":\"Startseite\",\"item\":\"https:\\\/\\\/www.ulrike-leopold.de\\\/home\\\/\"},{\"@type\":\"ListItem\",\"position\":2,\"name\":\"Texte\",\"item\":\"https:\\\/\\\/www.ulrike-leopold.de\\\/home\\\/texte\\\/\"},{\"@type\":\"ListItem\",\"position\":3,\"name\":\"Alles nur ein Spiel\"}]},{\"@type\":\"WebSite\",\"@id\":\"https:\\\/\\\/www.ulrike-leopold.de\\\/home\\\/#website\",\"url\":\"https:\\\/\\\/www.ulrike-leopold.de\\\/home\\\/\",\"name\":\"Ulrike Leopold\",\"description\":\"Malerei und Zeichnung\",\"publisher\":{\"@id\":\"https:\\\/\\\/www.ulrike-leopold.de\\\/home\\\/#\\\/schema\\\/person\\\/1bb05548ef8c3706b3ed43a49d201731\"},\"potentialAction\":[{\"@type\":\"SearchAction\",\"target\":{\"@type\":\"EntryPoint\",\"urlTemplate\":\"https:\\\/\\\/www.ulrike-leopold.de\\\/home\\\/?s={search_term_string}\"},\"query-input\":{\"@type\":\"PropertyValueSpecification\",\"valueRequired\":true,\"valueName\":\"search_term_string\"}}],\"inLanguage\":\"de\"},{\"@type\":[\"Person\",\"Organization\"],\"@id\":\"https:\\\/\\\/www.ulrike-leopold.de\\\/home\\\/#\\\/schema\\\/person\\\/1bb05548ef8c3706b3ed43a49d201731\",\"name\":\"ulli\",\"image\":{\"@type\":\"ImageObject\",\"inLanguage\":\"de\",\"@id\":\"https:\\\/\\\/secure.gravatar.com\\\/avatar\\\/11a80f167712a54e0708205c339a2e8a1703d5d003aeb30a0e5a540844b892a9?s=96&d=mm&r=g\",\"url\":\"https:\\\/\\\/secure.gravatar.com\\\/avatar\\\/11a80f167712a54e0708205c339a2e8a1703d5d003aeb30a0e5a540844b892a9?s=96&d=mm&r=g\",\"contentUrl\":\"https:\\\/\\\/secure.gravatar.com\\\/avatar\\\/11a80f167712a54e0708205c339a2e8a1703d5d003aeb30a0e5a540844b892a9?s=96&d=mm&r=g\",\"caption\":\"ulli\"},\"logo\":{\"@id\":\"https:\\\/\\\/secure.gravatar.com\\\/avatar\\\/11a80f167712a54e0708205c339a2e8a1703d5d003aeb30a0e5a540844b892a9?s=96&d=mm&r=g\"}}]}<\/script>\n<!-- \/ Yoast SEO plugin. -->","yoast_head_json":{"title":"Alles nur ein Spiel - Ulrike Leopold","robots":{"index":"index","follow":"follow","max-snippet":"max-snippet:-1","max-image-preview":"max-image-preview:large","max-video-preview":"max-video-preview:-1"},"canonical":"https:\/\/www.ulrike-leopold.de\/home\/texte\/alles-nur-ein-spiel\/","og_locale":"de_DE","og_type":"article","og_title":"Alles nur ein Spiel - Ulrike Leopold","og_description":"Alles nur ein Spiel Doppeldeutig wie der Titel der Ausstellung kommen sie daher, die Bilder von Ulrike Leopold. Alles \u2013 nur \u2013 ein \u2013 Spiel!, das bedeutet nicht: Das ganze Leben ist ein Quiz, gleichwohl haben die Bilder Ulrike Leopolds etwas mit Spielregeln oder auch Lebensregeln zu tun. Angelehnt und abgeguckt sind die Gesten, Posen [&hellip;]","og_url":"https:\/\/www.ulrike-leopold.de\/home\/texte\/alles-nur-ein-spiel\/","og_site_name":"Ulrike Leopold","article_modified_time":"2022-12-29T15:10:29+00:00","twitter_card":"summary_large_image","twitter_misc":{"Gesch\u00e4tzte Lesezeit":"3\u00a0Minuten"},"schema":{"@context":"https:\/\/schema.org","@graph":[{"@type":"WebPage","@id":"https:\/\/www.ulrike-leopold.de\/home\/texte\/alles-nur-ein-spiel\/","url":"https:\/\/www.ulrike-leopold.de\/home\/texte\/alles-nur-ein-spiel\/","name":"Alles nur ein Spiel - Ulrike Leopold","isPartOf":{"@id":"https:\/\/www.ulrike-leopold.de\/home\/#website"},"datePublished":"2017-03-14T15:33:36+00:00","dateModified":"2022-12-29T15:10:29+00:00","breadcrumb":{"@id":"https:\/\/www.ulrike-leopold.de\/home\/texte\/alles-nur-ein-spiel\/#breadcrumb"},"inLanguage":"de","potentialAction":[{"@type":"ReadAction","target":["https:\/\/www.ulrike-leopold.de\/home\/texte\/alles-nur-ein-spiel\/"]}]},{"@type":"BreadcrumbList","@id":"https:\/\/www.ulrike-leopold.de\/home\/texte\/alles-nur-ein-spiel\/#breadcrumb","itemListElement":[{"@type":"ListItem","position":1,"name":"Startseite","item":"https:\/\/www.ulrike-leopold.de\/home\/"},{"@type":"ListItem","position":2,"name":"Texte","item":"https:\/\/www.ulrike-leopold.de\/home\/texte\/"},{"@type":"ListItem","position":3,"name":"Alles nur ein Spiel"}]},{"@type":"WebSite","@id":"https:\/\/www.ulrike-leopold.de\/home\/#website","url":"https:\/\/www.ulrike-leopold.de\/home\/","name":"Ulrike Leopold","description":"Malerei und Zeichnung","publisher":{"@id":"https:\/\/www.ulrike-leopold.de\/home\/#\/schema\/person\/1bb05548ef8c3706b3ed43a49d201731"},"potentialAction":[{"@type":"SearchAction","target":{"@type":"EntryPoint","urlTemplate":"https:\/\/www.ulrike-leopold.de\/home\/?s={search_term_string}"},"query-input":{"@type":"PropertyValueSpecification","valueRequired":true,"valueName":"search_term_string"}}],"inLanguage":"de"},{"@type":["Person","Organization"],"@id":"https:\/\/www.ulrike-leopold.de\/home\/#\/schema\/person\/1bb05548ef8c3706b3ed43a49d201731","name":"ulli","image":{"@type":"ImageObject","inLanguage":"de","@id":"https:\/\/secure.gravatar.com\/avatar\/11a80f167712a54e0708205c339a2e8a1703d5d003aeb30a0e5a540844b892a9?s=96&d=mm&r=g","url":"https:\/\/secure.gravatar.com\/avatar\/11a80f167712a54e0708205c339a2e8a1703d5d003aeb30a0e5a540844b892a9?s=96&d=mm&r=g","contentUrl":"https:\/\/secure.gravatar.com\/avatar\/11a80f167712a54e0708205c339a2e8a1703d5d003aeb30a0e5a540844b892a9?s=96&d=mm&r=g","caption":"ulli"},"logo":{"@id":"https:\/\/secure.gravatar.com\/avatar\/11a80f167712a54e0708205c339a2e8a1703d5d003aeb30a0e5a540844b892a9?s=96&d=mm&r=g"}}]}},"jetpack_sharing_enabled":true,"_links":{"self":[{"href":"https:\/\/www.ulrike-leopold.de\/home\/wp-json\/wp\/v2\/pages\/1151","targetHints":{"allow":["GET"]}}],"collection":[{"href":"https:\/\/www.ulrike-leopold.de\/home\/wp-json\/wp\/v2\/pages"}],"about":[{"href":"https:\/\/www.ulrike-leopold.de\/home\/wp-json\/wp\/v2\/types\/page"}],"author":[{"embeddable":true,"href":"https:\/\/www.ulrike-leopold.de\/home\/wp-json\/wp\/v2\/users\/1"}],"replies":[{"embeddable":true,"href":"https:\/\/www.ulrike-leopold.de\/home\/wp-json\/wp\/v2\/comments?post=1151"}],"version-history":[{"count":15,"href":"https:\/\/www.ulrike-leopold.de\/home\/wp-json\/wp\/v2\/pages\/1151\/revisions"}],"predecessor-version":[{"id":2018,"href":"https:\/\/www.ulrike-leopold.de\/home\/wp-json\/wp\/v2\/pages\/1151\/revisions\/2018"}],"up":[{"embeddable":true,"href":"https:\/\/www.ulrike-leopold.de\/home\/wp-json\/wp\/v2\/pages\/31"}],"wp:attachment":[{"href":"https:\/\/www.ulrike-leopold.de\/home\/wp-json\/wp\/v2\/media?parent=1151"}],"wp:term":[{"taxonomy":"category","embeddable":true,"href":"https:\/\/www.ulrike-leopold.de\/home\/wp-json\/wp\/v2\/categories?post=1151"},{"taxonomy":"post_tag","embeddable":true,"href":"https:\/\/www.ulrike-leopold.de\/home\/wp-json\/wp\/v2\/tags?post=1151"}],"curies":[{"name":"wp","href":"https:\/\/api.w.org\/{rel}","templated":true}]}}