{"id":1173,"date":"2017-03-14T17:17:22","date_gmt":"2017-03-14T16:17:22","guid":{"rendered":"https:\/\/www.ulrike-leopold.de\/home\/?page_id=1173"},"modified":"2022-12-29T16:11:06","modified_gmt":"2022-12-29T15:11:06","slug":"bilder-i-2009","status":"publish","type":"page","link":"https:\/\/www.ulrike-leopold.de\/home\/texte\/bilder-i-2009\/","title":{"rendered":"Bilder"},"content":{"rendered":"<p><strong>Bilder<\/strong> &#8211; Malerei und Zeichnung<\/p>\n<p>In \u201cSophiechen und der Riese\u201c von Roahl Dahl \u2013 \u00fcbrigens von Quentin Blake ganz<br \/>\nhervorragend illustriert \u2013 trifft das Sophiechen auf einen Riesen, der sie entf\u00fchrt. Man<br \/>\nmu\u00df man sich fragen, ob sie Pech hatte, was zun\u00e4chst nahe liegend scheint, oder Gl\u00fcck,<br \/>\nweil sie nur auf einen Kotzgurken fressenden und Blubberwasser trinkenden, statt Kinder<br \/>\nfressenden Riesen gesto\u00dfen ist.<br \/>\nUm eine, sich daraus ergebende Fragestellung: \u201eWie sehe ich auf die Welt\u201c und die Frage<br \/>\nnach der eigenen Identit\u00e4t, kreisen die Inhalte der hier ausgestellten Bilder.<\/p>\n<p>Was wir sehen, sind in aller Regel Bilder in zur\u00fcckhaltenden Farben, die \u00fcberwiegend<br \/>\nKinder, Sportler und Landschaften darstellen. Ein bisschen d\u00fcnn ist die Luft zum Atmen<br \/>\nin dieser Welt schon, der Bilderwelt von Ulrike Leopold, denn, was wir zu sehen<br \/>\nbekommen, sind keine \u00fcblichen Kinder- und Landschaftsbilder.<br \/>\n\u00dcblicherweise sehen wir, oder wollen wir auf Bildern &#8211; wenn sie nicht gerade von Krisen<br \/>\nberichten &#8211; Landschaften von einnehmender Sch\u00f6nheit sehen, in einem satten Gr\u00fcn, bei<br \/>\nherrlich blauem Himmel, in Sonnenuntergangslicht getaucht und l\u00e4chelnde, fr\u00f6hliche<br \/>\nund\/oder spielende Kinder.<\/p>\n<p>Die Kinder auf den Bildern von Ulrike Leopold stehen uns jedoch allein und ungesch\u00fctzt,<br \/>\nbeinah verloren gegen\u00fcber. Sie gucken uns nicht an, halten sch\u00fctzend eine Puppe im<br \/>\nArm, wirken als w\u00fcrden sie vor etwas davon laufen \u2013 wie das Kind auf dem Bild, welches<br \/>\nSie bereits von der Einladungskarte kennen.<\/p>\n<p>Ihre Landschaften sind d\u00fcstere Vulkanlandschaften mit schroffen Felsen, in dunklen<br \/>\nFarben und sogar die Sportler machen den Eindruck, als w\u00e4ren sie ihrer Kraft beraubt<br \/>\nund sehen nicht nach siegreichen Sporthelden aus. Mit schmerverzehrten Gesichtern,<br \/>\nbizarren Gesten und K\u00f6rperhaltungen, manchmal beinah bis zur Unkenntlichkeit<br \/>\n\u00fcbermalt, kommen sie uns vor, wie Geister ihrer selbst, wie verlorene Seelen.<br \/>\nUnd genau hier zeigt sich die Qualit\u00e4t der Arbeit, ihre eigene Position und ihr Mut, denn<br \/>\nsie erlaubt uns nicht nur eine andere Sicht und Haltung auf und zu den Dingen, sie bietet<br \/>\nsie uns konkret an.<\/p>\n<p>Wenn wir Krisen zu bew\u00e4ltigen haben, sind wir mit Ulrike Leopold\u2019s Bildern so gut bedient<br \/>\nwie mit D\u00fcrenmatt: \u201eDie Welt ist eine Pulverfabrik, in der das Rauchen nicht verboten<br \/>\nist.\u201c Denken wir also zur Abwechslung negativ! Lassen sie uns schwarzsehen, dann kann<br \/>\nes nur besser werden und wir werden vergn\u00fcgt sein, weil gerade nichts in die Luft<br \/>\ngeflogen ist und falls doch mal etwas explodiert, hatten wir es erwartet.<br \/>\nVielleicht aber reicht es aus, wenn wir unsere Erwartungen an die Welt etwas herunter<br \/>\nschrauben, ohne unsere eigenen W\u00fcnsche, Hoffnungen und Tr\u00e4ume zu vergessen.<\/p>\n<p>Der Autor und Philosoph Ludwig Hasler (Autor von \u201eVerf\u00fchrung zum Denken\u201c) empfiehlt<br \/>\ndie \u201eWelt nicht als eine Art Wellness-Zone zu betrachten \u2013 und nicht gleich in Burnout zu<br \/>\nverfallen, wenn am k\u00f6rperlich-seelischen Wohlbefinden gekratzt wird. Auch unsere<br \/>\nVorfahren waren an Gl\u00fcck und Ungl\u00fccksverschonung interessiert, blo\u00df kurbelten sie das<br \/>\nInteresse nie zum Anspruch hoch. Wogegen wir, was einst Pech war, als<br \/>\nhimmelschreiendes Unrecht empfinden.<br \/>\nWenig lebensklug \u2013 denn: Pech ist ertr\u00e4glich, Unrecht nie.<\/p>\n<p><em>Text: \u00a9<\/em> <em>Andrea L\u00fchmann<\/em><\/p>\n<p>Ausstellung <em>&#8218;Bilder&#8216;<\/em>\u00a0 im Kunstsalon Leuwer, Bremen, 2009<\/p>\n","protected":false},"excerpt":{"rendered":"<p>Bilder &#8211; Malerei und Zeichnung In \u201cSophiechen und der Riese\u201c von Roahl Dahl \u2013 \u00fcbrigens von Quentin Blake ganz hervorragend illustriert \u2013 trifft das Sophiechen auf einen Riesen, der sie entf\u00fchrt. Man mu\u00df man sich fragen, ob sie Pech hatte, was zun\u00e4chst nahe liegend scheint, oder Gl\u00fcck, weil sie nur auf einen Kotzgurken fressenden und [&hellip;]<\/p>\n","protected":false},"author":1,"featured_media":0,"parent":31,"menu_order":0,"comment_status":"closed","ping_status":"closed","template":"","meta":{"footnotes":""},"categories":[33],"tags":[],"class_list":["post-1173","page","type-page","status-publish","hentry","category-texte"],"yoast_head":"<!-- This site is optimized with the Yoast SEO plugin v27.4 - https:\/\/yoast.com\/product\/yoast-seo-wordpress\/ -->\n<title>Bilder - Ulrike Leopold<\/title>\n<meta name=\"robots\" content=\"index, follow, max-snippet:-1, max-image-preview:large, max-video-preview:-1\" \/>\n<link rel=\"canonical\" href=\"https:\/\/www.ulrike-leopold.de\/home\/texte\/bilder-i-2009\/\" \/>\n<meta property=\"og:locale\" content=\"de_DE\" \/>\n<meta property=\"og:type\" content=\"article\" \/>\n<meta property=\"og:title\" content=\"Bilder - Ulrike Leopold\" \/>\n<meta property=\"og:description\" content=\"Bilder &#8211; Malerei und Zeichnung In \u201cSophiechen und der Riese\u201c von Roahl Dahl \u2013 \u00fcbrigens von Quentin Blake ganz hervorragend illustriert \u2013 trifft das Sophiechen auf einen Riesen, der sie entf\u00fchrt. Man mu\u00df man sich fragen, ob sie Pech hatte, was zun\u00e4chst nahe liegend scheint, oder Gl\u00fcck, weil sie nur auf einen Kotzgurken fressenden und [&hellip;]\" \/>\n<meta property=\"og:url\" content=\"https:\/\/www.ulrike-leopold.de\/home\/texte\/bilder-i-2009\/\" \/>\n<meta property=\"og:site_name\" content=\"Ulrike Leopold\" \/>\n<meta property=\"article:modified_time\" content=\"2022-12-29T15:11:06+00:00\" \/>\n<meta name=\"twitter:card\" content=\"summary_large_image\" \/>\n<meta name=\"twitter:label1\" content=\"Gesch\u00e4tzte Lesezeit\" \/>\n\t<meta name=\"twitter:data1\" content=\"3\u00a0Minuten\" \/>\n<script type=\"application\/ld+json\" class=\"yoast-schema-graph\">{\"@context\":\"https:\\\/\\\/schema.org\",\"@graph\":[{\"@type\":\"WebPage\",\"@id\":\"https:\\\/\\\/www.ulrike-leopold.de\\\/home\\\/texte\\\/bilder-i-2009\\\/\",\"url\":\"https:\\\/\\\/www.ulrike-leopold.de\\\/home\\\/texte\\\/bilder-i-2009\\\/\",\"name\":\"Bilder - Ulrike Leopold\",\"isPartOf\":{\"@id\":\"https:\\\/\\\/www.ulrike-leopold.de\\\/home\\\/#website\"},\"datePublished\":\"2017-03-14T16:17:22+00:00\",\"dateModified\":\"2022-12-29T15:11:06+00:00\",\"breadcrumb\":{\"@id\":\"https:\\\/\\\/www.ulrike-leopold.de\\\/home\\\/texte\\\/bilder-i-2009\\\/#breadcrumb\"},\"inLanguage\":\"de\",\"potentialAction\":[{\"@type\":\"ReadAction\",\"target\":[\"https:\\\/\\\/www.ulrike-leopold.de\\\/home\\\/texte\\\/bilder-i-2009\\\/\"]}]},{\"@type\":\"BreadcrumbList\",\"@id\":\"https:\\\/\\\/www.ulrike-leopold.de\\\/home\\\/texte\\\/bilder-i-2009\\\/#breadcrumb\",\"itemListElement\":[{\"@type\":\"ListItem\",\"position\":1,\"name\":\"Startseite\",\"item\":\"https:\\\/\\\/www.ulrike-leopold.de\\\/home\\\/\"},{\"@type\":\"ListItem\",\"position\":2,\"name\":\"Texte\",\"item\":\"https:\\\/\\\/www.ulrike-leopold.de\\\/home\\\/texte\\\/\"},{\"@type\":\"ListItem\",\"position\":3,\"name\":\"Bilder\"}]},{\"@type\":\"WebSite\",\"@id\":\"https:\\\/\\\/www.ulrike-leopold.de\\\/home\\\/#website\",\"url\":\"https:\\\/\\\/www.ulrike-leopold.de\\\/home\\\/\",\"name\":\"Ulrike Leopold\",\"description\":\"Malerei und Zeichnung\",\"publisher\":{\"@id\":\"https:\\\/\\\/www.ulrike-leopold.de\\\/home\\\/#\\\/schema\\\/person\\\/1bb05548ef8c3706b3ed43a49d201731\"},\"potentialAction\":[{\"@type\":\"SearchAction\",\"target\":{\"@type\":\"EntryPoint\",\"urlTemplate\":\"https:\\\/\\\/www.ulrike-leopold.de\\\/home\\\/?s={search_term_string}\"},\"query-input\":{\"@type\":\"PropertyValueSpecification\",\"valueRequired\":true,\"valueName\":\"search_term_string\"}}],\"inLanguage\":\"de\"},{\"@type\":[\"Person\",\"Organization\"],\"@id\":\"https:\\\/\\\/www.ulrike-leopold.de\\\/home\\\/#\\\/schema\\\/person\\\/1bb05548ef8c3706b3ed43a49d201731\",\"name\":\"ulli\",\"image\":{\"@type\":\"ImageObject\",\"inLanguage\":\"de\",\"@id\":\"https:\\\/\\\/secure.gravatar.com\\\/avatar\\\/11a80f167712a54e0708205c339a2e8a1703d5d003aeb30a0e5a540844b892a9?s=96&d=mm&r=g\",\"url\":\"https:\\\/\\\/secure.gravatar.com\\\/avatar\\\/11a80f167712a54e0708205c339a2e8a1703d5d003aeb30a0e5a540844b892a9?s=96&d=mm&r=g\",\"contentUrl\":\"https:\\\/\\\/secure.gravatar.com\\\/avatar\\\/11a80f167712a54e0708205c339a2e8a1703d5d003aeb30a0e5a540844b892a9?s=96&d=mm&r=g\",\"caption\":\"ulli\"},\"logo\":{\"@id\":\"https:\\\/\\\/secure.gravatar.com\\\/avatar\\\/11a80f167712a54e0708205c339a2e8a1703d5d003aeb30a0e5a540844b892a9?s=96&d=mm&r=g\"}}]}<\/script>\n<!-- \/ Yoast SEO plugin. -->","yoast_head_json":{"title":"Bilder - Ulrike Leopold","robots":{"index":"index","follow":"follow","max-snippet":"max-snippet:-1","max-image-preview":"max-image-preview:large","max-video-preview":"max-video-preview:-1"},"canonical":"https:\/\/www.ulrike-leopold.de\/home\/texte\/bilder-i-2009\/","og_locale":"de_DE","og_type":"article","og_title":"Bilder - Ulrike Leopold","og_description":"Bilder &#8211; Malerei und Zeichnung In \u201cSophiechen und der Riese\u201c von Roahl Dahl \u2013 \u00fcbrigens von Quentin Blake ganz hervorragend illustriert \u2013 trifft das Sophiechen auf einen Riesen, der sie entf\u00fchrt. Man mu\u00df man sich fragen, ob sie Pech hatte, was zun\u00e4chst nahe liegend scheint, oder Gl\u00fcck, weil sie nur auf einen Kotzgurken fressenden und [&hellip;]","og_url":"https:\/\/www.ulrike-leopold.de\/home\/texte\/bilder-i-2009\/","og_site_name":"Ulrike Leopold","article_modified_time":"2022-12-29T15:11:06+00:00","twitter_card":"summary_large_image","twitter_misc":{"Gesch\u00e4tzte Lesezeit":"3\u00a0Minuten"},"schema":{"@context":"https:\/\/schema.org","@graph":[{"@type":"WebPage","@id":"https:\/\/www.ulrike-leopold.de\/home\/texte\/bilder-i-2009\/","url":"https:\/\/www.ulrike-leopold.de\/home\/texte\/bilder-i-2009\/","name":"Bilder - Ulrike Leopold","isPartOf":{"@id":"https:\/\/www.ulrike-leopold.de\/home\/#website"},"datePublished":"2017-03-14T16:17:22+00:00","dateModified":"2022-12-29T15:11:06+00:00","breadcrumb":{"@id":"https:\/\/www.ulrike-leopold.de\/home\/texte\/bilder-i-2009\/#breadcrumb"},"inLanguage":"de","potentialAction":[{"@type":"ReadAction","target":["https:\/\/www.ulrike-leopold.de\/home\/texte\/bilder-i-2009\/"]}]},{"@type":"BreadcrumbList","@id":"https:\/\/www.ulrike-leopold.de\/home\/texte\/bilder-i-2009\/#breadcrumb","itemListElement":[{"@type":"ListItem","position":1,"name":"Startseite","item":"https:\/\/www.ulrike-leopold.de\/home\/"},{"@type":"ListItem","position":2,"name":"Texte","item":"https:\/\/www.ulrike-leopold.de\/home\/texte\/"},{"@type":"ListItem","position":3,"name":"Bilder"}]},{"@type":"WebSite","@id":"https:\/\/www.ulrike-leopold.de\/home\/#website","url":"https:\/\/www.ulrike-leopold.de\/home\/","name":"Ulrike Leopold","description":"Malerei und Zeichnung","publisher":{"@id":"https:\/\/www.ulrike-leopold.de\/home\/#\/schema\/person\/1bb05548ef8c3706b3ed43a49d201731"},"potentialAction":[{"@type":"SearchAction","target":{"@type":"EntryPoint","urlTemplate":"https:\/\/www.ulrike-leopold.de\/home\/?s={search_term_string}"},"query-input":{"@type":"PropertyValueSpecification","valueRequired":true,"valueName":"search_term_string"}}],"inLanguage":"de"},{"@type":["Person","Organization"],"@id":"https:\/\/www.ulrike-leopold.de\/home\/#\/schema\/person\/1bb05548ef8c3706b3ed43a49d201731","name":"ulli","image":{"@type":"ImageObject","inLanguage":"de","@id":"https:\/\/secure.gravatar.com\/avatar\/11a80f167712a54e0708205c339a2e8a1703d5d003aeb30a0e5a540844b892a9?s=96&d=mm&r=g","url":"https:\/\/secure.gravatar.com\/avatar\/11a80f167712a54e0708205c339a2e8a1703d5d003aeb30a0e5a540844b892a9?s=96&d=mm&r=g","contentUrl":"https:\/\/secure.gravatar.com\/avatar\/11a80f167712a54e0708205c339a2e8a1703d5d003aeb30a0e5a540844b892a9?s=96&d=mm&r=g","caption":"ulli"},"logo":{"@id":"https:\/\/secure.gravatar.com\/avatar\/11a80f167712a54e0708205c339a2e8a1703d5d003aeb30a0e5a540844b892a9?s=96&d=mm&r=g"}}]}},"jetpack_sharing_enabled":true,"_links":{"self":[{"href":"https:\/\/www.ulrike-leopold.de\/home\/wp-json\/wp\/v2\/pages\/1173","targetHints":{"allow":["GET"]}}],"collection":[{"href":"https:\/\/www.ulrike-leopold.de\/home\/wp-json\/wp\/v2\/pages"}],"about":[{"href":"https:\/\/www.ulrike-leopold.de\/home\/wp-json\/wp\/v2\/types\/page"}],"author":[{"embeddable":true,"href":"https:\/\/www.ulrike-leopold.de\/home\/wp-json\/wp\/v2\/users\/1"}],"replies":[{"embeddable":true,"href":"https:\/\/www.ulrike-leopold.de\/home\/wp-json\/wp\/v2\/comments?post=1173"}],"version-history":[{"count":6,"href":"https:\/\/www.ulrike-leopold.de\/home\/wp-json\/wp\/v2\/pages\/1173\/revisions"}],"predecessor-version":[{"id":1203,"href":"https:\/\/www.ulrike-leopold.de\/home\/wp-json\/wp\/v2\/pages\/1173\/revisions\/1203"}],"up":[{"embeddable":true,"href":"https:\/\/www.ulrike-leopold.de\/home\/wp-json\/wp\/v2\/pages\/31"}],"wp:attachment":[{"href":"https:\/\/www.ulrike-leopold.de\/home\/wp-json\/wp\/v2\/media?parent=1173"}],"wp:term":[{"taxonomy":"category","embeddable":true,"href":"https:\/\/www.ulrike-leopold.de\/home\/wp-json\/wp\/v2\/categories?post=1173"},{"taxonomy":"post_tag","embeddable":true,"href":"https:\/\/www.ulrike-leopold.de\/home\/wp-json\/wp\/v2\/tags?post=1173"}],"curies":[{"name":"wp","href":"https:\/\/api.w.org\/{rel}","templated":true}]}}