{"id":1187,"date":"2017-03-14T20:17:45","date_gmt":"2017-03-14T19:17:45","guid":{"rendered":"https:\/\/www.ulrike-leopold.de\/home\/?page_id=1187"},"modified":"2022-12-29T16:11:29","modified_gmt":"2022-12-29T15:11:29","slug":"stationen","status":"publish","type":"page","link":"https:\/\/www.ulrike-leopold.de\/home\/texte\/stationen\/","title":{"rendered":"Stationen"},"content":{"rendered":"<p><strong>Stationen<\/p>\n<p>&#8222;<\/strong>Unter dem Titel <em>\u201eStationen\u201c<\/em> zeigt die K\u00fcnstlerin Ulrike Leopold noch bis zum 11. August 2016<br \/>\nihre Arbeiten hier in den R\u00e4umen der ZGF.<br \/>\nIn der Ausstellung sind neue und auch \u00e4ltere Arbeiten zu sehen, sie geben einen \u00dcberblick<br \/>\n\u00fcber die verschiedenen \u201eStationen\u201c ihres Schaffens.<br \/>\n\u00dcberwiegend besch\u00e4ftigt sie sich mit den Themen: Figur im Raum, Bewegung und<br \/>\nLandschaft. Zu Ihren Ausdrucksmitteln geh\u00f6ren Malerei, Zeichnung und Druckgrafik.<br \/>\nSie sagt selber \u00fcber ihre Arbeiten:<br \/>\n\u201e\u2026es geht mir um einen emotionalen Ausdruck von einer Energie, die in allem steckt und um<br \/>\ndie Fl\u00fcchtigkeit des Seins \u2013 nichts ist genau so, alles ist in st\u00e4ndiger Bewegung \/Ver\u00e4nderung.\u201c<br \/>\nUlrike Leopold thematisiert Figur im Raum. In abstrahierter Weise werden menschliche und<br \/>\ntierische Figuren in Szene gesetzt, teils schwebend, t\u00e4nzelnd oder energisch kraftvoll<br \/>\nbewegen sie sich im Bildraum.<br \/>\nDas Thema Bewegung ist in der Malerei wie auch in Zeichnungen und Drucken gegenw\u00e4rtig.<br \/>\nAu\u00dferdem zeigt sie Lithografien zum Thema Figur, die eine gewisse versteckte Komik<br \/>\nhaben. Die gro\u00dffl\u00e4chige Malerei zum Thema Landschaft, Bewegung und Figur ist leicht und<br \/>\nanmutig, Linien und Fl\u00e4chen ziehen sich \u00fcber den Bildraum.<\/p>\n<p><em>\u201eIm Schnee\u201c<\/em>, Acryl auf Leinwand, 100 x 120 cm, 2010<br \/>\nEin in k\u00fchlen Farben gemaltes Bild. Ein Tier l\u00e4uft von links ins Bild. Die Umrisse sind in<br \/>\nbewegten Strichen gemalt. Sonst ist eine fl\u00e4chige Darstellung gew\u00e4hlt. In diesem Bild sind<br \/>\nalle drei Themenbereiche gemeinsam angesprochen: Figur im Raum, Bewegung und<br \/>\nLandschaft. Harmonisch vereinen sich hier die unterschiedlichen Themen in einem Bild.<\/p>\n<p><em>\u201eIch bin kein Elefant Madame\u201c<\/em>, ca. 20 x 28 cm, 2013<br \/>\nDie Zeichnung: \u201eIch bin kein Elefant Madame\u201c, zeigt ein Nashorn mit diesem Schriftzug. In<br \/>\nder unteren rechten Ecke steht eine Frau, die dem Nashorn etwas zu trinken anbietet. Das in<br \/>\nfiligranen Strichen wuchtig gezeichnete Nashorn scheint sich auf die Frau zuzubewegen, und<br \/>\nfreut sich, dass es f\u00fcr einen Elefanten gehalten wird. Gekritzelte Linien und Fl\u00e4chen setzen<br \/>\nsich zusammen zu einem Ganzen. Feine Linien verankern die Zeichnung im Raum.<\/p>\n<p>Aus der Reihe Zeichnungen <em>\u201egeh\u00f6rt\u201c: \u201eo.T.\u201c<\/em>, 42 x 49,4 cm, 2013<br \/>\nEs zeigt Bewegung auf dem Zeichenblatt. Nach Musik oder H\u00f6rbuch intuitiv entstanden, gibt<br \/>\nes dynamische bewegte Linien, Punkte und Zeichen wieder.<br \/>\nSchriftz\u00fcge sind eingeblendet:<br \/>\n<em>WOHIN, GEHEN, KINDER, ENTLEERUNG, T4-AKTIEN 1940<\/em><br \/>\nSie vermitteln gleichzeitig die Erfindung von landschaftlichen Eindr\u00fccken. Aus Verdichtungen<br \/>\nund freien Fl\u00e4chen entstehen m\u00fclleimer\u00e4hnliche Gebilde, die sich scheinbar \u00fcber das Blatt<br \/>\nbewegen. Sie lebt durch Verdichtungen und freien Fl\u00e4chen. Die Schriftz\u00fcge geben<br \/>\nDenkanst\u00f6\u00dfe und laden die Zeichnung emotional auf.<\/p>\n<p><em>\u201eWer ist die Sch\u00f6nste\u201c<\/em>, Lithografie, ca. 50 x 39 cm, 2015<br \/>\nSie zeigt eine gro\u00dfe Frau und etwas abseits einen \u201ekleinen K\u00f6nig\u201c, eine Gestalt mit einer<br \/>\nTasche, die einem Motoradhelm \u00e4hnelt und mit einer gelben Krone. Beide balancieren auf<br \/>\nLinien. Ironie und Witz stehen hier Pate. \u201eDie Frau, das unbekannte Wesen\u201c<\/p>\n<p><em>\u201eHinter Gittern\u201c<\/em>, Acryl auf Leinwand, 100 x 80 cm, 2007.<br \/>\nHier sieht man Frauen, die hinter \u201eGittern\u201c sitzen. Es sind Mutter und Tochter. Sie werden<br \/>\nverdeckt von einem breiten dunklen Streifen im Vordergrund.<br \/>\nSchemenhaft erscheinen die Figuren hinter breiten S\u00e4ulen, die wie ein Gitter wirken, Symbol<br \/>\nf\u00fcr die Unfreiheit von Frauen?<br \/>\nIn ihren Arbeiten besch\u00e4ftigt sich Ulrike Leopold h\u00e4ufig mit \u201eFrauenthemen\u201c. Sie zeigt auf, in<br \/>\nsehr subtiler Weise, wo Frauen auch heute noch nicht gleichberechtigt sind und nicht<br \/>\ngleichbehandelt werden, tut dieses aber durch die \u201eBlume\u201c und liebevoll \u201egezeichnet\u201c. Die<br \/>\nArbeiten beeindrucken durch ihre Ausdruckskraft, Dynamik und die Komik und Ironie in den<br \/>\nDarstellungen.&#8220;<\/p>\n<p><em>Text: \u00a9<\/em> Renate Hoffmann &#8211; Diplom-K\u00fcnstlerin<br \/>\nMalerei \u2013 Projekte \u2013 Kuratoren-T\u00e4tigkeit Bremen<\/p>\n<p>Ausstellung <em>&#8218;Stationen&#8216;,<\/em> Bremer Frauenmuseum in den R\u00e4umen der Bremischen Zentralstelle<br \/>\nf\u00fcr die Verwirklichung der Gleichberechtigung der Frau (ZGF) \u2013 gef\u00f6rdert durch die<br \/>\nZGF, Bremen, 2016<\/p>\n","protected":false},"excerpt":{"rendered":"<p>Stationen &#8222;Unter dem Titel \u201eStationen\u201c zeigt die K\u00fcnstlerin Ulrike Leopold noch bis zum 11. August 2016 ihre Arbeiten hier in den R\u00e4umen der ZGF. In der Ausstellung sind neue und auch \u00e4ltere Arbeiten zu sehen, sie geben einen \u00dcberblick \u00fcber die verschiedenen \u201eStationen\u201c ihres Schaffens. \u00dcberwiegend besch\u00e4ftigt sie sich mit den Themen: Figur im Raum, [&hellip;]<\/p>\n","protected":false},"author":1,"featured_media":0,"parent":31,"menu_order":0,"comment_status":"closed","ping_status":"closed","template":"","meta":{"footnotes":""},"categories":[33],"tags":[],"class_list":["post-1187","page","type-page","status-publish","hentry","category-texte"],"yoast_head":"<!-- This site is optimized with the Yoast SEO plugin v27.6 - https:\/\/yoast.com\/product\/yoast-seo-wordpress\/ -->\n<title>Stationen - Ulrike Leopold<\/title>\n<meta name=\"robots\" content=\"index, follow, max-snippet:-1, max-image-preview:large, max-video-preview:-1\" \/>\n<link rel=\"canonical\" href=\"https:\/\/www.ulrike-leopold.de\/home\/texte\/stationen\/\" \/>\n<meta property=\"og:locale\" content=\"de_DE\" \/>\n<meta property=\"og:type\" content=\"article\" \/>\n<meta property=\"og:title\" content=\"Stationen - Ulrike Leopold\" \/>\n<meta property=\"og:description\" content=\"Stationen &#8222;Unter dem Titel \u201eStationen\u201c zeigt die K\u00fcnstlerin Ulrike Leopold noch bis zum 11. August 2016 ihre Arbeiten hier in den R\u00e4umen der ZGF. In der Ausstellung sind neue und auch \u00e4ltere Arbeiten zu sehen, sie geben einen \u00dcberblick \u00fcber die verschiedenen \u201eStationen\u201c ihres Schaffens. \u00dcberwiegend besch\u00e4ftigt sie sich mit den Themen: Figur im Raum, [&hellip;]\" \/>\n<meta property=\"og:url\" content=\"https:\/\/www.ulrike-leopold.de\/home\/texte\/stationen\/\" \/>\n<meta property=\"og:site_name\" content=\"Ulrike Leopold\" \/>\n<meta property=\"article:modified_time\" content=\"2022-12-29T15:11:29+00:00\" \/>\n<meta name=\"twitter:card\" content=\"summary_large_image\" \/>\n<meta name=\"twitter:label1\" content=\"Gesch\u00e4tzte Lesezeit\" \/>\n\t<meta name=\"twitter:data1\" content=\"3\u00a0Minuten\" \/>\n<script type=\"application\/ld+json\" class=\"yoast-schema-graph\">{\"@context\":\"https:\\\/\\\/schema.org\",\"@graph\":[{\"@type\":\"WebPage\",\"@id\":\"https:\\\/\\\/www.ulrike-leopold.de\\\/home\\\/texte\\\/stationen\\\/\",\"url\":\"https:\\\/\\\/www.ulrike-leopold.de\\\/home\\\/texte\\\/stationen\\\/\",\"name\":\"Stationen - Ulrike Leopold\",\"isPartOf\":{\"@id\":\"https:\\\/\\\/www.ulrike-leopold.de\\\/home\\\/#website\"},\"datePublished\":\"2017-03-14T19:17:45+00:00\",\"dateModified\":\"2022-12-29T15:11:29+00:00\",\"breadcrumb\":{\"@id\":\"https:\\\/\\\/www.ulrike-leopold.de\\\/home\\\/texte\\\/stationen\\\/#breadcrumb\"},\"inLanguage\":\"de\",\"potentialAction\":[{\"@type\":\"ReadAction\",\"target\":[\"https:\\\/\\\/www.ulrike-leopold.de\\\/home\\\/texte\\\/stationen\\\/\"]}]},{\"@type\":\"BreadcrumbList\",\"@id\":\"https:\\\/\\\/www.ulrike-leopold.de\\\/home\\\/texte\\\/stationen\\\/#breadcrumb\",\"itemListElement\":[{\"@type\":\"ListItem\",\"position\":1,\"name\":\"Startseite\",\"item\":\"https:\\\/\\\/www.ulrike-leopold.de\\\/home\\\/\"},{\"@type\":\"ListItem\",\"position\":2,\"name\":\"Texte\",\"item\":\"https:\\\/\\\/www.ulrike-leopold.de\\\/home\\\/texte\\\/\"},{\"@type\":\"ListItem\",\"position\":3,\"name\":\"Stationen\"}]},{\"@type\":\"WebSite\",\"@id\":\"https:\\\/\\\/www.ulrike-leopold.de\\\/home\\\/#website\",\"url\":\"https:\\\/\\\/www.ulrike-leopold.de\\\/home\\\/\",\"name\":\"Ulrike Leopold\",\"description\":\"Malerei und Zeichnung\",\"publisher\":{\"@id\":\"https:\\\/\\\/www.ulrike-leopold.de\\\/home\\\/#\\\/schema\\\/person\\\/1bb05548ef8c3706b3ed43a49d201731\"},\"potentialAction\":[{\"@type\":\"SearchAction\",\"target\":{\"@type\":\"EntryPoint\",\"urlTemplate\":\"https:\\\/\\\/www.ulrike-leopold.de\\\/home\\\/?s={search_term_string}\"},\"query-input\":{\"@type\":\"PropertyValueSpecification\",\"valueRequired\":true,\"valueName\":\"search_term_string\"}}],\"inLanguage\":\"de\"},{\"@type\":[\"Person\",\"Organization\"],\"@id\":\"https:\\\/\\\/www.ulrike-leopold.de\\\/home\\\/#\\\/schema\\\/person\\\/1bb05548ef8c3706b3ed43a49d201731\",\"name\":\"ulli\",\"image\":{\"@type\":\"ImageObject\",\"inLanguage\":\"de\",\"@id\":\"https:\\\/\\\/secure.gravatar.com\\\/avatar\\\/11a80f167712a54e0708205c339a2e8a1703d5d003aeb30a0e5a540844b892a9?s=96&d=mm&r=g\",\"url\":\"https:\\\/\\\/secure.gravatar.com\\\/avatar\\\/11a80f167712a54e0708205c339a2e8a1703d5d003aeb30a0e5a540844b892a9?s=96&d=mm&r=g\",\"contentUrl\":\"https:\\\/\\\/secure.gravatar.com\\\/avatar\\\/11a80f167712a54e0708205c339a2e8a1703d5d003aeb30a0e5a540844b892a9?s=96&d=mm&r=g\",\"caption\":\"ulli\"},\"logo\":{\"@id\":\"https:\\\/\\\/secure.gravatar.com\\\/avatar\\\/11a80f167712a54e0708205c339a2e8a1703d5d003aeb30a0e5a540844b892a9?s=96&d=mm&r=g\"}}]}<\/script>\n<!-- \/ Yoast SEO plugin. -->","yoast_head_json":{"title":"Stationen - Ulrike Leopold","robots":{"index":"index","follow":"follow","max-snippet":"max-snippet:-1","max-image-preview":"max-image-preview:large","max-video-preview":"max-video-preview:-1"},"canonical":"https:\/\/www.ulrike-leopold.de\/home\/texte\/stationen\/","og_locale":"de_DE","og_type":"article","og_title":"Stationen - Ulrike Leopold","og_description":"Stationen &#8222;Unter dem Titel \u201eStationen\u201c zeigt die K\u00fcnstlerin Ulrike Leopold noch bis zum 11. August 2016 ihre Arbeiten hier in den R\u00e4umen der ZGF. In der Ausstellung sind neue und auch \u00e4ltere Arbeiten zu sehen, sie geben einen \u00dcberblick \u00fcber die verschiedenen \u201eStationen\u201c ihres Schaffens. \u00dcberwiegend besch\u00e4ftigt sie sich mit den Themen: Figur im Raum, [&hellip;]","og_url":"https:\/\/www.ulrike-leopold.de\/home\/texte\/stationen\/","og_site_name":"Ulrike Leopold","article_modified_time":"2022-12-29T15:11:29+00:00","twitter_card":"summary_large_image","twitter_misc":{"Gesch\u00e4tzte Lesezeit":"3\u00a0Minuten"},"schema":{"@context":"https:\/\/schema.org","@graph":[{"@type":"WebPage","@id":"https:\/\/www.ulrike-leopold.de\/home\/texte\/stationen\/","url":"https:\/\/www.ulrike-leopold.de\/home\/texte\/stationen\/","name":"Stationen - Ulrike Leopold","isPartOf":{"@id":"https:\/\/www.ulrike-leopold.de\/home\/#website"},"datePublished":"2017-03-14T19:17:45+00:00","dateModified":"2022-12-29T15:11:29+00:00","breadcrumb":{"@id":"https:\/\/www.ulrike-leopold.de\/home\/texte\/stationen\/#breadcrumb"},"inLanguage":"de","potentialAction":[{"@type":"ReadAction","target":["https:\/\/www.ulrike-leopold.de\/home\/texte\/stationen\/"]}]},{"@type":"BreadcrumbList","@id":"https:\/\/www.ulrike-leopold.de\/home\/texte\/stationen\/#breadcrumb","itemListElement":[{"@type":"ListItem","position":1,"name":"Startseite","item":"https:\/\/www.ulrike-leopold.de\/home\/"},{"@type":"ListItem","position":2,"name":"Texte","item":"https:\/\/www.ulrike-leopold.de\/home\/texte\/"},{"@type":"ListItem","position":3,"name":"Stationen"}]},{"@type":"WebSite","@id":"https:\/\/www.ulrike-leopold.de\/home\/#website","url":"https:\/\/www.ulrike-leopold.de\/home\/","name":"Ulrike Leopold","description":"Malerei und Zeichnung","publisher":{"@id":"https:\/\/www.ulrike-leopold.de\/home\/#\/schema\/person\/1bb05548ef8c3706b3ed43a49d201731"},"potentialAction":[{"@type":"SearchAction","target":{"@type":"EntryPoint","urlTemplate":"https:\/\/www.ulrike-leopold.de\/home\/?s={search_term_string}"},"query-input":{"@type":"PropertyValueSpecification","valueRequired":true,"valueName":"search_term_string"}}],"inLanguage":"de"},{"@type":["Person","Organization"],"@id":"https:\/\/www.ulrike-leopold.de\/home\/#\/schema\/person\/1bb05548ef8c3706b3ed43a49d201731","name":"ulli","image":{"@type":"ImageObject","inLanguage":"de","@id":"https:\/\/secure.gravatar.com\/avatar\/11a80f167712a54e0708205c339a2e8a1703d5d003aeb30a0e5a540844b892a9?s=96&d=mm&r=g","url":"https:\/\/secure.gravatar.com\/avatar\/11a80f167712a54e0708205c339a2e8a1703d5d003aeb30a0e5a540844b892a9?s=96&d=mm&r=g","contentUrl":"https:\/\/secure.gravatar.com\/avatar\/11a80f167712a54e0708205c339a2e8a1703d5d003aeb30a0e5a540844b892a9?s=96&d=mm&r=g","caption":"ulli"},"logo":{"@id":"https:\/\/secure.gravatar.com\/avatar\/11a80f167712a54e0708205c339a2e8a1703d5d003aeb30a0e5a540844b892a9?s=96&d=mm&r=g"}}]}},"jetpack_sharing_enabled":true,"_links":{"self":[{"href":"https:\/\/www.ulrike-leopold.de\/home\/wp-json\/wp\/v2\/pages\/1187","targetHints":{"allow":["GET"]}}],"collection":[{"href":"https:\/\/www.ulrike-leopold.de\/home\/wp-json\/wp\/v2\/pages"}],"about":[{"href":"https:\/\/www.ulrike-leopold.de\/home\/wp-json\/wp\/v2\/types\/page"}],"author":[{"embeddable":true,"href":"https:\/\/www.ulrike-leopold.de\/home\/wp-json\/wp\/v2\/users\/1"}],"replies":[{"embeddable":true,"href":"https:\/\/www.ulrike-leopold.de\/home\/wp-json\/wp\/v2\/comments?post=1187"}],"version-history":[{"count":7,"href":"https:\/\/www.ulrike-leopold.de\/home\/wp-json\/wp\/v2\/pages\/1187\/revisions"}],"predecessor-version":[{"id":1216,"href":"https:\/\/www.ulrike-leopold.de\/home\/wp-json\/wp\/v2\/pages\/1187\/revisions\/1216"}],"up":[{"embeddable":true,"href":"https:\/\/www.ulrike-leopold.de\/home\/wp-json\/wp\/v2\/pages\/31"}],"wp:attachment":[{"href":"https:\/\/www.ulrike-leopold.de\/home\/wp-json\/wp\/v2\/media?parent=1187"}],"wp:term":[{"taxonomy":"category","embeddable":true,"href":"https:\/\/www.ulrike-leopold.de\/home\/wp-json\/wp\/v2\/categories?post=1187"},{"taxonomy":"post_tag","embeddable":true,"href":"https:\/\/www.ulrike-leopold.de\/home\/wp-json\/wp\/v2\/tags?post=1187"}],"curies":[{"name":"wp","href":"https:\/\/api.w.org\/{rel}","templated":true}]}}