{"id":1218,"date":"2017-03-23T12:25:36","date_gmt":"2017-03-23T11:25:36","guid":{"rendered":"https:\/\/www.ulrike-leopold.de\/home\/?page_id=1218"},"modified":"2022-12-29T16:11:50","modified_gmt":"2022-12-29T15:11:50","slug":"pressetexte","status":"publish","type":"page","link":"https:\/\/www.ulrike-leopold.de\/home\/texte\/pressetexte\/","title":{"rendered":"Mein Kunst-St\u00fcck"},"content":{"rendered":"<p>Aus der Serie der Syker Kreiszeitung &#8222;Mein Kunst-St\u00fcck&#8220;<br \/>\nin der Bremer K\u00fcnstler und K\u00fcnstlerinnen vorgestellt werden<strong>.<br \/>\n<\/strong><\/p>\n<p><strong>&#8222;Mein Kunst-St\u00fcck\u201c mit Ulrike Leopold<\/strong>: \u201eEmotionen, Ver\u00e4nderung, Energie\u201c<br \/>\n<strong><span style=\"font-size: 14pt;\">Die Fl\u00fcchtigkeit eines Moments<\/span><\/strong><\/p>\n<p><img data-recalc-dims=\"1\" loading=\"lazy\" decoding=\"async\" data-attachment-id=\"1826\" data-permalink=\"https:\/\/www.ulrike-leopold.de\/home\/texte\/pressetexte\/ulrike-leopold-skb\/\" data-orig-file=\"https:\/\/i0.wp.com\/www.ulrike-leopold.de\/wp-content\/uploads\/2021\/11\/Ulrike-Leopold-SKb.jpg?fit=512%2C475&amp;ssl=1\" data-orig-size=\"512,475\" data-comments-opened=\"0\" data-image-meta=\"{&quot;aperture&quot;:&quot;0&quot;,&quot;credit&quot;:&quot;&quot;,&quot;camera&quot;:&quot;&quot;,&quot;caption&quot;:&quot;&quot;,&quot;created_timestamp&quot;:&quot;0&quot;,&quot;copyright&quot;:&quot;&quot;,&quot;focal_length&quot;:&quot;0&quot;,&quot;iso&quot;:&quot;0&quot;,&quot;shutter_speed&quot;:&quot;0&quot;,&quot;title&quot;:&quot;&quot;,&quot;orientation&quot;:&quot;1&quot;}\" data-image-title=\"Ulrike Leopold SKb\" data-image-description=\"\" data-image-caption=\"\" data-large-file=\"https:\/\/i0.wp.com\/www.ulrike-leopold.de\/wp-content\/uploads\/2021\/11\/Ulrike-Leopold-SKb.jpg?fit=512%2C475&amp;ssl=1\" class=\"alignnone size-full wp-image-1826\" src=\"https:\/\/i0.wp.com\/www.ulrike-leopold.de\/wp-content\/uploads\/2021\/11\/Ulrike-Leopold-SKb.jpg?resize=512%2C475&#038;ssl=1\" alt=\"\" width=\"512\" height=\"475\" srcset=\"https:\/\/i0.wp.com\/www.ulrike-leopold.de\/wp-content\/uploads\/2021\/11\/Ulrike-Leopold-SKb.jpg?w=512&amp;ssl=1 512w, https:\/\/i0.wp.com\/www.ulrike-leopold.de\/wp-content\/uploads\/2021\/11\/Ulrike-Leopold-SKb.jpg?resize=300%2C278&amp;ssl=1 300w\" sizes=\"auto, (max-width: 512px) 100vw, 512px\" \/><\/p>\n<p><strong>Bremen &#8211; Von Isabel Niesmann.<\/strong><br \/>\nEs ist ein Moment voller Unbeschwertheit, Unb\u00e4ndigkeit und Energie, den Ulrike Leopold mit leichtem Pinselstrich und schwungvoller Konturensetzung festgehalten hat: Dem Betrachter rennt ein kleines M\u00e4dchen in einem hellen Kleid entgegen. \u201eDiese kindliche Kraft und Sorglosigkeit wollte ich einfangen\u201c, beschreibt Leopold in unserer Serie \u201eMein Kunst-St\u00fcck\u201c die Entstehungsgeschichte ihres Lieblingsobjektes.<\/p>\n<p>Die Idee kam der K\u00fcnstlerin beim Durchst\u00f6bern alter Schwarzwei\u00dffotos. \u201eDas Kind auf dem Bild bin ich, als ich gerade auf die Kamera der Fotografin, meiner Tante, zulaufe.\u201c Diesem Ursprung entsprechend, ist das Bild \u00fcberwiegend in schwarz und wei\u00df gehalten \u2013mit ein paar orangefarbenen Tupfern. Schwarzwei\u00dffotos faszinieren die 58-J\u00e4hrige: \u201eFr\u00fcher hatten Fotos noch eine andere Bedeutung. Sie waren viel seltener, ihre Motive daher ausgew\u00e4hlter.\u201c<\/p>\n<p>Gleichzeitig spiegelt das rennende Kind das Hauptthema der K\u00fcnstlerin wider: Bewegung. \u201eEmotionen, Ver\u00e4nderung, Energie: Es geht mir um das Fl\u00fcchtige. Nichts bleibt, wie es ist. Alles ist in st\u00e4ndiger Bewegung und schon im n\u00e4chsten Moment wieder weg. Es ist nicht zu fassen.\u201c Diesen besonderen, fl\u00fcchtigen Moment festzuhalten, der so schnell wieder verloren geht, darum geht es ihr in ihrer Arbeit.<\/p>\n<p>Das zeigt sich zum Beispiel in ihrer Reihe \u00fcber Sport, in der Leopold haupts\u00e4chlich Fu\u00dfballer auf abstrahierte Weise abgebildet hat: \u201eMich hat diese Welt im Kleinen fasziniert.\u201c Emotionen, Gesten und Haltungen hat sie mit Pinsel und Stift eingefangen: Euphorie, Trauer und Freude, die St\u00fcrze, das Aufspringen und den Jubel.<\/p>\n<p>Seit mehr als 20 Jahren ist Leopold als freie K\u00fcnstlerin t\u00e4tig. Die geb\u00fcrtige Stuttgarterin studierte in den 80er Jahren Grafik-Design an der Hochschule f\u00fcr K\u00fcnste in Bremen.<br \/>\n\u201eEigentlich wollte ich schon immer Kunst machen, aber es ist ja immer so eine Sache, mit Kunst Geld zu verdienen. Deshalb habe ich Grafik-Design studiert. Werbung hat mich aber nie wirklich interessiert.\u201c Seit 1985 ist sie als Grafik-Designerin t\u00e4tig, seit 1993 als freie K\u00fcnstlerin. Leopolds k\u00fcnstlerische Vielfalt ist gro\u00df. Ihr Schwerpunkt liegt auf Malerei, Zeichnung und Drucktechnik, viele ihrer Werke sind in Mischtechnik entstanden. Aktuell arbeitet sie zudem mit digitalen Medien \u2013 an einem Projekt \u00fcber die Schnelllebigkeit von Freundschaften in der virtuellen Welt. \u201eIch habe ganz unterschiedliche Phasen\u201c, erkl\u00e4rt sie ihre Arbeitsweise. Manchmal sei der Tag klar durchstrukturiert und sie von morgens bis abends vor der Leinwand, manchmal ginge es mehr um das Recherchieren und die Entstehung der Idee im Kopf: \u201eDas ist ein flie\u00dfender \u00dcbergang.\u201c<\/p>\n<p>Inspiration entstehe in der Regel durch Fotos. \u201eKunst ist bei mir immer ein Prozess.\u201c Dementsprechend unterschiedlich seien Arbeitsaufwand und -l\u00e4nge. \u201eManchmal braucht es Pausen dazwischen. Manchmal geht\u2019s ganz schnell, andere Sachen brauchen ewig.\u201c K\u00fcnstlerische Vorbilder sind f\u00fcr Leopold in der Malerei Marlene Dumas, Antoni T\u00e0pies und Norbert Schwontkowski. Sie bewundert Zeichnungen von Julie Mehretu, Nanne Meyer und Jorinde Voigt. Ihr Lieblingsbild jemandem zu schenken, kann sich Leopold nicht vorstellen. \u201eDas ist ein ganz pers\u00f6nliches Bild und auch unverk\u00e4uflich. Normalerweise h\u00e4ngt es bei mir zu Hause.\u201c<\/p>\n<p>Aber nur normalerweise. Noch bis zum 11. August 2016 ist es n\u00e4mlich in Leopolds Ausstellung \u201eStationen\u201c in den R\u00e4umen der Frauenbeauftragten (Knochenhauerstra\u00dfe 20\u201325) zu sehen. Der Eintritt ist frei. \u00d6ffnungszeiten: Montag bis Donnerstag 9 bis 16.30 Uhr, Freitag 9 bis 13 Uhr.<\/p>\n","protected":false},"excerpt":{"rendered":"<p>Aus der Serie der Syker Kreiszeitung &#8222;Mein Kunst-St\u00fcck&#8220; in der Bremer K\u00fcnstler und K\u00fcnstlerinnen vorgestellt werden. &#8222;Mein Kunst-St\u00fcck\u201c mit Ulrike Leopold: \u201eEmotionen, Ver\u00e4nderung, Energie\u201c Die Fl\u00fcchtigkeit eines Moments Bremen &#8211; Von Isabel Niesmann. Es ist ein Moment voller Unbeschwertheit, Unb\u00e4ndigkeit und Energie, den Ulrike Leopold mit leichtem Pinselstrich und schwungvoller Konturensetzung festgehalten hat: Dem Betrachter [&hellip;]<\/p>\n","protected":false},"author":1,"featured_media":0,"parent":31,"menu_order":0,"comment_status":"closed","ping_status":"closed","template":"","meta":{"footnotes":""},"categories":[33],"tags":[],"class_list":["post-1218","page","type-page","status-publish","hentry","category-texte"],"yoast_head":"<!-- This site is optimized with the Yoast SEO plugin v27.4 - https:\/\/yoast.com\/product\/yoast-seo-wordpress\/ -->\n<title>Mein Kunst-St\u00fcck - Ulrike Leopold<\/title>\n<meta name=\"robots\" content=\"index, follow, max-snippet:-1, max-image-preview:large, max-video-preview:-1\" \/>\n<link rel=\"canonical\" href=\"https:\/\/www.ulrike-leopold.de\/home\/texte\/pressetexte\/\" \/>\n<meta property=\"og:locale\" content=\"de_DE\" \/>\n<meta property=\"og:type\" content=\"article\" \/>\n<meta property=\"og:title\" content=\"Mein Kunst-St\u00fcck - Ulrike Leopold\" \/>\n<meta property=\"og:description\" content=\"Aus der Serie der Syker Kreiszeitung &#8222;Mein Kunst-St\u00fcck&#8220; in der Bremer K\u00fcnstler und K\u00fcnstlerinnen vorgestellt werden. &#8222;Mein Kunst-St\u00fcck\u201c mit Ulrike Leopold: \u201eEmotionen, Ver\u00e4nderung, Energie\u201c Die Fl\u00fcchtigkeit eines Moments Bremen &#8211; Von Isabel Niesmann. Es ist ein Moment voller Unbeschwertheit, Unb\u00e4ndigkeit und Energie, den Ulrike Leopold mit leichtem Pinselstrich und schwungvoller Konturensetzung festgehalten hat: Dem Betrachter [&hellip;]\" \/>\n<meta property=\"og:url\" content=\"https:\/\/www.ulrike-leopold.de\/home\/texte\/pressetexte\/\" \/>\n<meta property=\"og:site_name\" content=\"Ulrike Leopold\" \/>\n<meta property=\"article:modified_time\" content=\"2022-12-29T15:11:50+00:00\" \/>\n<meta property=\"og:image\" content=\"https:\/\/www.ulrike-leopold.de\/wp-content\/uploads\/2021\/11\/Ulrike-Leopold-SKb.jpg\" \/>\n<meta name=\"twitter:card\" content=\"summary_large_image\" \/>\n<meta name=\"twitter:label1\" content=\"Gesch\u00e4tzte Lesezeit\" \/>\n\t<meta name=\"twitter:data1\" content=\"3\u00a0Minuten\" \/>\n<script type=\"application\/ld+json\" class=\"yoast-schema-graph\">{\"@context\":\"https:\\\/\\\/schema.org\",\"@graph\":[{\"@type\":\"WebPage\",\"@id\":\"https:\\\/\\\/www.ulrike-leopold.de\\\/home\\\/texte\\\/pressetexte\\\/\",\"url\":\"https:\\\/\\\/www.ulrike-leopold.de\\\/home\\\/texte\\\/pressetexte\\\/\",\"name\":\"Mein Kunst-St\u00fcck - Ulrike Leopold\",\"isPartOf\":{\"@id\":\"https:\\\/\\\/www.ulrike-leopold.de\\\/home\\\/#website\"},\"primaryImageOfPage\":{\"@id\":\"https:\\\/\\\/www.ulrike-leopold.de\\\/home\\\/texte\\\/pressetexte\\\/#primaryimage\"},\"image\":{\"@id\":\"https:\\\/\\\/www.ulrike-leopold.de\\\/home\\\/texte\\\/pressetexte\\\/#primaryimage\"},\"thumbnailUrl\":\"https:\\\/\\\/www.ulrike-leopold.de\\\/wp-content\\\/uploads\\\/2021\\\/11\\\/Ulrike-Leopold-SKb.jpg\",\"datePublished\":\"2017-03-23T11:25:36+00:00\",\"dateModified\":\"2022-12-29T15:11:50+00:00\",\"breadcrumb\":{\"@id\":\"https:\\\/\\\/www.ulrike-leopold.de\\\/home\\\/texte\\\/pressetexte\\\/#breadcrumb\"},\"inLanguage\":\"de\",\"potentialAction\":[{\"@type\":\"ReadAction\",\"target\":[\"https:\\\/\\\/www.ulrike-leopold.de\\\/home\\\/texte\\\/pressetexte\\\/\"]}]},{\"@type\":\"ImageObject\",\"inLanguage\":\"de\",\"@id\":\"https:\\\/\\\/www.ulrike-leopold.de\\\/home\\\/texte\\\/pressetexte\\\/#primaryimage\",\"url\":\"https:\\\/\\\/www.ulrike-leopold.de\\\/wp-content\\\/uploads\\\/2021\\\/11\\\/Ulrike-Leopold-SKb.jpg\",\"contentUrl\":\"https:\\\/\\\/www.ulrike-leopold.de\\\/wp-content\\\/uploads\\\/2021\\\/11\\\/Ulrike-Leopold-SKb.jpg\"},{\"@type\":\"BreadcrumbList\",\"@id\":\"https:\\\/\\\/www.ulrike-leopold.de\\\/home\\\/texte\\\/pressetexte\\\/#breadcrumb\",\"itemListElement\":[{\"@type\":\"ListItem\",\"position\":1,\"name\":\"Startseite\",\"item\":\"https:\\\/\\\/www.ulrike-leopold.de\\\/home\\\/\"},{\"@type\":\"ListItem\",\"position\":2,\"name\":\"Texte\",\"item\":\"https:\\\/\\\/www.ulrike-leopold.de\\\/home\\\/texte\\\/\"},{\"@type\":\"ListItem\",\"position\":3,\"name\":\"Mein Kunst-St\u00fcck\"}]},{\"@type\":\"WebSite\",\"@id\":\"https:\\\/\\\/www.ulrike-leopold.de\\\/home\\\/#website\",\"url\":\"https:\\\/\\\/www.ulrike-leopold.de\\\/home\\\/\",\"name\":\"Ulrike Leopold\",\"description\":\"Malerei und Zeichnung\",\"publisher\":{\"@id\":\"https:\\\/\\\/www.ulrike-leopold.de\\\/home\\\/#\\\/schema\\\/person\\\/1bb05548ef8c3706b3ed43a49d201731\"},\"potentialAction\":[{\"@type\":\"SearchAction\",\"target\":{\"@type\":\"EntryPoint\",\"urlTemplate\":\"https:\\\/\\\/www.ulrike-leopold.de\\\/home\\\/?s={search_term_string}\"},\"query-input\":{\"@type\":\"PropertyValueSpecification\",\"valueRequired\":true,\"valueName\":\"search_term_string\"}}],\"inLanguage\":\"de\"},{\"@type\":[\"Person\",\"Organization\"],\"@id\":\"https:\\\/\\\/www.ulrike-leopold.de\\\/home\\\/#\\\/schema\\\/person\\\/1bb05548ef8c3706b3ed43a49d201731\",\"name\":\"ulli\",\"image\":{\"@type\":\"ImageObject\",\"inLanguage\":\"de\",\"@id\":\"https:\\\/\\\/secure.gravatar.com\\\/avatar\\\/11a80f167712a54e0708205c339a2e8a1703d5d003aeb30a0e5a540844b892a9?s=96&d=mm&r=g\",\"url\":\"https:\\\/\\\/secure.gravatar.com\\\/avatar\\\/11a80f167712a54e0708205c339a2e8a1703d5d003aeb30a0e5a540844b892a9?s=96&d=mm&r=g\",\"contentUrl\":\"https:\\\/\\\/secure.gravatar.com\\\/avatar\\\/11a80f167712a54e0708205c339a2e8a1703d5d003aeb30a0e5a540844b892a9?s=96&d=mm&r=g\",\"caption\":\"ulli\"},\"logo\":{\"@id\":\"https:\\\/\\\/secure.gravatar.com\\\/avatar\\\/11a80f167712a54e0708205c339a2e8a1703d5d003aeb30a0e5a540844b892a9?s=96&d=mm&r=g\"}}]}<\/script>\n<!-- \/ Yoast SEO plugin. -->","yoast_head_json":{"title":"Mein Kunst-St\u00fcck - Ulrike Leopold","robots":{"index":"index","follow":"follow","max-snippet":"max-snippet:-1","max-image-preview":"max-image-preview:large","max-video-preview":"max-video-preview:-1"},"canonical":"https:\/\/www.ulrike-leopold.de\/home\/texte\/pressetexte\/","og_locale":"de_DE","og_type":"article","og_title":"Mein Kunst-St\u00fcck - Ulrike Leopold","og_description":"Aus der Serie der Syker Kreiszeitung &#8222;Mein Kunst-St\u00fcck&#8220; in der Bremer K\u00fcnstler und K\u00fcnstlerinnen vorgestellt werden. &#8222;Mein Kunst-St\u00fcck\u201c mit Ulrike Leopold: \u201eEmotionen, Ver\u00e4nderung, Energie\u201c Die Fl\u00fcchtigkeit eines Moments Bremen &#8211; Von Isabel Niesmann. Es ist ein Moment voller Unbeschwertheit, Unb\u00e4ndigkeit und Energie, den Ulrike Leopold mit leichtem Pinselstrich und schwungvoller Konturensetzung festgehalten hat: Dem Betrachter [&hellip;]","og_url":"https:\/\/www.ulrike-leopold.de\/home\/texte\/pressetexte\/","og_site_name":"Ulrike Leopold","article_modified_time":"2022-12-29T15:11:50+00:00","og_image":[{"url":"https:\/\/www.ulrike-leopold.de\/wp-content\/uploads\/2021\/11\/Ulrike-Leopold-SKb.jpg","type":"","width":"","height":""}],"twitter_card":"summary_large_image","twitter_misc":{"Gesch\u00e4tzte Lesezeit":"3\u00a0Minuten"},"schema":{"@context":"https:\/\/schema.org","@graph":[{"@type":"WebPage","@id":"https:\/\/www.ulrike-leopold.de\/home\/texte\/pressetexte\/","url":"https:\/\/www.ulrike-leopold.de\/home\/texte\/pressetexte\/","name":"Mein Kunst-St\u00fcck - Ulrike Leopold","isPartOf":{"@id":"https:\/\/www.ulrike-leopold.de\/home\/#website"},"primaryImageOfPage":{"@id":"https:\/\/www.ulrike-leopold.de\/home\/texte\/pressetexte\/#primaryimage"},"image":{"@id":"https:\/\/www.ulrike-leopold.de\/home\/texte\/pressetexte\/#primaryimage"},"thumbnailUrl":"https:\/\/www.ulrike-leopold.de\/wp-content\/uploads\/2021\/11\/Ulrike-Leopold-SKb.jpg","datePublished":"2017-03-23T11:25:36+00:00","dateModified":"2022-12-29T15:11:50+00:00","breadcrumb":{"@id":"https:\/\/www.ulrike-leopold.de\/home\/texte\/pressetexte\/#breadcrumb"},"inLanguage":"de","potentialAction":[{"@type":"ReadAction","target":["https:\/\/www.ulrike-leopold.de\/home\/texte\/pressetexte\/"]}]},{"@type":"ImageObject","inLanguage":"de","@id":"https:\/\/www.ulrike-leopold.de\/home\/texte\/pressetexte\/#primaryimage","url":"https:\/\/www.ulrike-leopold.de\/wp-content\/uploads\/2021\/11\/Ulrike-Leopold-SKb.jpg","contentUrl":"https:\/\/www.ulrike-leopold.de\/wp-content\/uploads\/2021\/11\/Ulrike-Leopold-SKb.jpg"},{"@type":"BreadcrumbList","@id":"https:\/\/www.ulrike-leopold.de\/home\/texte\/pressetexte\/#breadcrumb","itemListElement":[{"@type":"ListItem","position":1,"name":"Startseite","item":"https:\/\/www.ulrike-leopold.de\/home\/"},{"@type":"ListItem","position":2,"name":"Texte","item":"https:\/\/www.ulrike-leopold.de\/home\/texte\/"},{"@type":"ListItem","position":3,"name":"Mein Kunst-St\u00fcck"}]},{"@type":"WebSite","@id":"https:\/\/www.ulrike-leopold.de\/home\/#website","url":"https:\/\/www.ulrike-leopold.de\/home\/","name":"Ulrike Leopold","description":"Malerei und Zeichnung","publisher":{"@id":"https:\/\/www.ulrike-leopold.de\/home\/#\/schema\/person\/1bb05548ef8c3706b3ed43a49d201731"},"potentialAction":[{"@type":"SearchAction","target":{"@type":"EntryPoint","urlTemplate":"https:\/\/www.ulrike-leopold.de\/home\/?s={search_term_string}"},"query-input":{"@type":"PropertyValueSpecification","valueRequired":true,"valueName":"search_term_string"}}],"inLanguage":"de"},{"@type":["Person","Organization"],"@id":"https:\/\/www.ulrike-leopold.de\/home\/#\/schema\/person\/1bb05548ef8c3706b3ed43a49d201731","name":"ulli","image":{"@type":"ImageObject","inLanguage":"de","@id":"https:\/\/secure.gravatar.com\/avatar\/11a80f167712a54e0708205c339a2e8a1703d5d003aeb30a0e5a540844b892a9?s=96&d=mm&r=g","url":"https:\/\/secure.gravatar.com\/avatar\/11a80f167712a54e0708205c339a2e8a1703d5d003aeb30a0e5a540844b892a9?s=96&d=mm&r=g","contentUrl":"https:\/\/secure.gravatar.com\/avatar\/11a80f167712a54e0708205c339a2e8a1703d5d003aeb30a0e5a540844b892a9?s=96&d=mm&r=g","caption":"ulli"},"logo":{"@id":"https:\/\/secure.gravatar.com\/avatar\/11a80f167712a54e0708205c339a2e8a1703d5d003aeb30a0e5a540844b892a9?s=96&d=mm&r=g"}}]}},"jetpack_sharing_enabled":true,"_links":{"self":[{"href":"https:\/\/www.ulrike-leopold.de\/home\/wp-json\/wp\/v2\/pages\/1218","targetHints":{"allow":["GET"]}}],"collection":[{"href":"https:\/\/www.ulrike-leopold.de\/home\/wp-json\/wp\/v2\/pages"}],"about":[{"href":"https:\/\/www.ulrike-leopold.de\/home\/wp-json\/wp\/v2\/types\/page"}],"author":[{"embeddable":true,"href":"https:\/\/www.ulrike-leopold.de\/home\/wp-json\/wp\/v2\/users\/1"}],"replies":[{"embeddable":true,"href":"https:\/\/www.ulrike-leopold.de\/home\/wp-json\/wp\/v2\/comments?post=1218"}],"version-history":[{"count":12,"href":"https:\/\/www.ulrike-leopold.de\/home\/wp-json\/wp\/v2\/pages\/1218\/revisions"}],"predecessor-version":[{"id":1827,"href":"https:\/\/www.ulrike-leopold.de\/home\/wp-json\/wp\/v2\/pages\/1218\/revisions\/1827"}],"up":[{"embeddable":true,"href":"https:\/\/www.ulrike-leopold.de\/home\/wp-json\/wp\/v2\/pages\/31"}],"wp:attachment":[{"href":"https:\/\/www.ulrike-leopold.de\/home\/wp-json\/wp\/v2\/media?parent=1218"}],"wp:term":[{"taxonomy":"category","embeddable":true,"href":"https:\/\/www.ulrike-leopold.de\/home\/wp-json\/wp\/v2\/categories?post=1218"},{"taxonomy":"post_tag","embeddable":true,"href":"https:\/\/www.ulrike-leopold.de\/home\/wp-json\/wp\/v2\/tags?post=1218"}],"curies":[{"name":"wp","href":"https:\/\/api.w.org\/{rel}","templated":true}]}}