{"id":1551,"date":"2021-11-16T14:11:42","date_gmt":"2021-11-16T13:11:42","guid":{"rendered":"https:\/\/www.ulrike-leopold.de\/home\/?page_id=1551"},"modified":"2025-03-04T10:31:22","modified_gmt":"2025-03-04T09:31:22","slug":"serie-l","status":"publish","type":"page","link":"https:\/\/www.ulrike-leopold.de\/home\/neue-arbeiten\/serie-l\/","title":{"rendered":"Serie &#8222;Whispering Desire&#8220;"},"content":{"rendered":"<p>Serie &#8222;Whispering Desire&#8220;<\/p>\n<p><img data-recalc-dims=\"1\" loading=\"lazy\" decoding=\"async\" data-attachment-id=\"2290\" data-permalink=\"https:\/\/www.ulrike-leopold.de\/home\/neue-arbeiten\/serie-l\/fotos-m-netz-n10_30x40_2023_k\/\" data-orig-file=\"https:\/\/i0.wp.com\/www.ulrike-leopold.de\/wp-content\/uploads\/2025\/02\/Fotos-m-Netz-N10_30x40_2023_k.jpg?fit=1024%2C768&amp;ssl=1\" data-orig-size=\"1024,768\" data-comments-opened=\"0\" data-image-meta=\"{&quot;aperture&quot;:&quot;0&quot;,&quot;credit&quot;:&quot;Ulli&quot;,&quot;camera&quot;:&quot;&quot;,&quot;caption&quot;:&quot;&quot;,&quot;created_timestamp&quot;:&quot;1706287015&quot;,&quot;copyright&quot;:&quot;&quot;,&quot;focal_length&quot;:&quot;0&quot;,&quot;iso&quot;:&quot;0&quot;,&quot;shutter_speed&quot;:&quot;0&quot;,&quot;title&quot;:&quot;&quot;,&quot;orientation&quot;:&quot;1&quot;}\" data-image-title=\"Fotos m Netz N10_30x40_2023_k\" data-image-description=\"\" data-image-caption=\"&lt;p&gt;Fotos-m-Netz-N10_30x40_2023&lt;\/p&gt;\n\" data-large-file=\"https:\/\/i0.wp.com\/www.ulrike-leopold.de\/wp-content\/uploads\/2025\/02\/Fotos-m-Netz-N10_30x40_2023_k.jpg?fit=800%2C600&amp;ssl=1\" class=\"alignnone wp-image-2290 size-full\" src=\"https:\/\/i0.wp.com\/www.ulrike-leopold.de\/wp-content\/uploads\/2025\/02\/Fotos-m-Netz-N10_30x40_2023_k.jpg?resize=800%2C600&#038;ssl=1\" alt=\"\" width=\"800\" height=\"600\" srcset=\"https:\/\/i0.wp.com\/www.ulrike-leopold.de\/wp-content\/uploads\/2025\/02\/Fotos-m-Netz-N10_30x40_2023_k.jpg?w=1024&amp;ssl=1 1024w, https:\/\/i0.wp.com\/www.ulrike-leopold.de\/wp-content\/uploads\/2025\/02\/Fotos-m-Netz-N10_30x40_2023_k.jpg?resize=300%2C225&amp;ssl=1 300w, https:\/\/i0.wp.com\/www.ulrike-leopold.de\/wp-content\/uploads\/2025\/02\/Fotos-m-Netz-N10_30x40_2023_k.jpg?resize=768%2C576&amp;ssl=1 768w\" sizes=\"auto, (max-width: 800px) 100vw, 800px\" \/><\/p>\n<p><img data-recalc-dims=\"1\" loading=\"lazy\" decoding=\"async\" data-attachment-id=\"2300\" data-permalink=\"https:\/\/www.ulrike-leopold.de\/home\/neue-arbeiten\/serie-l\/wd_1_3-je-30x40_druck_2023\/\" data-orig-file=\"https:\/\/i0.wp.com\/www.ulrike-leopold.de\/wp-content\/uploads\/2025\/02\/WD_1_3-je-30x40_Druck_2023-scaled.jpg?fit=2560%2C630&amp;ssl=1\" data-orig-size=\"2560,630\" data-comments-opened=\"0\" data-image-meta=\"{&quot;aperture&quot;:&quot;0&quot;,&quot;credit&quot;:&quot;Ulli&quot;,&quot;camera&quot;:&quot;&quot;,&quot;caption&quot;:&quot;&quot;,&quot;created_timestamp&quot;:&quot;1740682509&quot;,&quot;copyright&quot;:&quot;&quot;,&quot;focal_length&quot;:&quot;0&quot;,&quot;iso&quot;:&quot;0&quot;,&quot;shutter_speed&quot;:&quot;0&quot;,&quot;title&quot;:&quot;&quot;,&quot;orientation&quot;:&quot;0&quot;}\" data-image-title=\"WD_1_3 je 30x40_Druck_2023\" data-image-description=\"\" data-image-caption=\"\" data-large-file=\"https:\/\/i0.wp.com\/www.ulrike-leopold.de\/wp-content\/uploads\/2025\/02\/WD_1_3-je-30x40_Druck_2023-scaled.jpg?fit=800%2C197&amp;ssl=1\" class=\"alignnone size-full wp-image-2300\" src=\"https:\/\/i0.wp.com\/www.ulrike-leopold.de\/wp-content\/uploads\/2025\/02\/WD_1_3-je-30x40_Druck_2023-scaled.jpg?resize=800%2C197&#038;ssl=1\" alt=\"\" width=\"800\" height=\"197\" srcset=\"https:\/\/i0.wp.com\/www.ulrike-leopold.de\/wp-content\/uploads\/2025\/02\/WD_1_3-je-30x40_Druck_2023-scaled.jpg?w=2560&amp;ssl=1 2560w, https:\/\/i0.wp.com\/www.ulrike-leopold.de\/wp-content\/uploads\/2025\/02\/WD_1_3-je-30x40_Druck_2023-scaled.jpg?resize=300%2C74&amp;ssl=1 300w, https:\/\/i0.wp.com\/www.ulrike-leopold.de\/wp-content\/uploads\/2025\/02\/WD_1_3-je-30x40_Druck_2023-scaled.jpg?resize=1024%2C252&amp;ssl=1 1024w, https:\/\/i0.wp.com\/www.ulrike-leopold.de\/wp-content\/uploads\/2025\/02\/WD_1_3-je-30x40_Druck_2023-scaled.jpg?resize=768%2C189&amp;ssl=1 768w, https:\/\/i0.wp.com\/www.ulrike-leopold.de\/wp-content\/uploads\/2025\/02\/WD_1_3-je-30x40_Druck_2023-scaled.jpg?resize=1536%2C378&amp;ssl=1 1536w, https:\/\/i0.wp.com\/www.ulrike-leopold.de\/wp-content\/uploads\/2025\/02\/WD_1_3-je-30x40_Druck_2023-scaled.jpg?resize=2048%2C504&amp;ssl=1 2048w, https:\/\/i0.wp.com\/www.ulrike-leopold.de\/wp-content\/uploads\/2025\/02\/WD_1_3-je-30x40_Druck_2023-scaled.jpg?w=1600&amp;ssl=1 1600w, https:\/\/i0.wp.com\/www.ulrike-leopold.de\/wp-content\/uploads\/2025\/02\/WD_1_3-je-30x40_Druck_2023-scaled.jpg?w=2400&amp;ssl=1 2400w\" sizes=\"auto, (max-width: 800px) 100vw, 800px\" \/><\/p>\n<p><img data-recalc-dims=\"1\" loading=\"lazy\" decoding=\"async\" data-attachment-id=\"2301\" data-permalink=\"https:\/\/www.ulrike-leopold.de\/home\/neue-arbeiten\/serie-l\/wd_4_6-je-30x40_druck_2023\/\" data-orig-file=\"https:\/\/i0.wp.com\/www.ulrike-leopold.de\/wp-content\/uploads\/2025\/02\/WD_4_6-je-30x40_Druck_2023-scaled.jpg?fit=2560%2C630&amp;ssl=1\" data-orig-size=\"2560,630\" data-comments-opened=\"0\" data-image-meta=\"{&quot;aperture&quot;:&quot;0&quot;,&quot;credit&quot;:&quot;Ulli&quot;,&quot;camera&quot;:&quot;&quot;,&quot;caption&quot;:&quot;&quot;,&quot;created_timestamp&quot;:&quot;1740682509&quot;,&quot;copyright&quot;:&quot;&quot;,&quot;focal_length&quot;:&quot;0&quot;,&quot;iso&quot;:&quot;0&quot;,&quot;shutter_speed&quot;:&quot;0&quot;,&quot;title&quot;:&quot;&quot;,&quot;orientation&quot;:&quot;0&quot;}\" data-image-title=\"WD_4_6 je 30x40_Druck_2023\" data-image-description=\"\" data-image-caption=\"\" data-large-file=\"https:\/\/i0.wp.com\/www.ulrike-leopold.de\/wp-content\/uploads\/2025\/02\/WD_4_6-je-30x40_Druck_2023-scaled.jpg?fit=800%2C197&amp;ssl=1\" class=\"alignnone size-full wp-image-2301\" src=\"https:\/\/i0.wp.com\/www.ulrike-leopold.de\/wp-content\/uploads\/2025\/02\/WD_4_6-je-30x40_Druck_2023-scaled.jpg?resize=800%2C197&#038;ssl=1\" alt=\"\" width=\"800\" height=\"197\" srcset=\"https:\/\/i0.wp.com\/www.ulrike-leopold.de\/wp-content\/uploads\/2025\/02\/WD_4_6-je-30x40_Druck_2023-scaled.jpg?w=2560&amp;ssl=1 2560w, https:\/\/i0.wp.com\/www.ulrike-leopold.de\/wp-content\/uploads\/2025\/02\/WD_4_6-je-30x40_Druck_2023-scaled.jpg?resize=300%2C74&amp;ssl=1 300w, https:\/\/i0.wp.com\/www.ulrike-leopold.de\/wp-content\/uploads\/2025\/02\/WD_4_6-je-30x40_Druck_2023-scaled.jpg?resize=1024%2C252&amp;ssl=1 1024w, https:\/\/i0.wp.com\/www.ulrike-leopold.de\/wp-content\/uploads\/2025\/02\/WD_4_6-je-30x40_Druck_2023-scaled.jpg?resize=768%2C189&amp;ssl=1 768w, https:\/\/i0.wp.com\/www.ulrike-leopold.de\/wp-content\/uploads\/2025\/02\/WD_4_6-je-30x40_Druck_2023-scaled.jpg?resize=1536%2C378&amp;ssl=1 1536w, https:\/\/i0.wp.com\/www.ulrike-leopold.de\/wp-content\/uploads\/2025\/02\/WD_4_6-je-30x40_Druck_2023-scaled.jpg?resize=2048%2C504&amp;ssl=1 2048w, https:\/\/i0.wp.com\/www.ulrike-leopold.de\/wp-content\/uploads\/2025\/02\/WD_4_6-je-30x40_Druck_2023-scaled.jpg?w=1600&amp;ssl=1 1600w, https:\/\/i0.wp.com\/www.ulrike-leopold.de\/wp-content\/uploads\/2025\/02\/WD_4_6-je-30x40_Druck_2023-scaled.jpg?w=2400&amp;ssl=1 2400w\" sizes=\"auto, (max-width: 800px) 100vw, 800px\" \/><\/p>\n<p><img data-recalc-dims=\"1\" loading=\"lazy\" decoding=\"async\" data-attachment-id=\"2302\" data-permalink=\"https:\/\/www.ulrike-leopold.de\/home\/neue-arbeiten\/serie-l\/wd_7_9-je-30x40_druck_2023\/\" data-orig-file=\"https:\/\/i0.wp.com\/www.ulrike-leopold.de\/wp-content\/uploads\/2025\/02\/WD_7_9-je-30x40_Druck_2023-scaled.jpg?fit=2560%2C630&amp;ssl=1\" data-orig-size=\"2560,630\" data-comments-opened=\"0\" data-image-meta=\"{&quot;aperture&quot;:&quot;0&quot;,&quot;credit&quot;:&quot;Ulli&quot;,&quot;camera&quot;:&quot;&quot;,&quot;caption&quot;:&quot;&quot;,&quot;created_timestamp&quot;:&quot;1740682509&quot;,&quot;copyright&quot;:&quot;&quot;,&quot;focal_length&quot;:&quot;0&quot;,&quot;iso&quot;:&quot;0&quot;,&quot;shutter_speed&quot;:&quot;0&quot;,&quot;title&quot;:&quot;&quot;,&quot;orientation&quot;:&quot;0&quot;}\" data-image-title=\"WD_7_9 je 30x40_Druck_2023\" data-image-description=\"\" data-image-caption=\"\" data-large-file=\"https:\/\/i0.wp.com\/www.ulrike-leopold.de\/wp-content\/uploads\/2025\/02\/WD_7_9-je-30x40_Druck_2023-scaled.jpg?fit=800%2C197&amp;ssl=1\" class=\"alignnone size-full wp-image-2302\" src=\"https:\/\/i0.wp.com\/www.ulrike-leopold.de\/wp-content\/uploads\/2025\/02\/WD_7_9-je-30x40_Druck_2023-scaled.jpg?resize=800%2C197&#038;ssl=1\" alt=\"\" width=\"800\" height=\"197\" srcset=\"https:\/\/i0.wp.com\/www.ulrike-leopold.de\/wp-content\/uploads\/2025\/02\/WD_7_9-je-30x40_Druck_2023-scaled.jpg?w=2560&amp;ssl=1 2560w, https:\/\/i0.wp.com\/www.ulrike-leopold.de\/wp-content\/uploads\/2025\/02\/WD_7_9-je-30x40_Druck_2023-scaled.jpg?resize=300%2C74&amp;ssl=1 300w, https:\/\/i0.wp.com\/www.ulrike-leopold.de\/wp-content\/uploads\/2025\/02\/WD_7_9-je-30x40_Druck_2023-scaled.jpg?resize=1024%2C252&amp;ssl=1 1024w, https:\/\/i0.wp.com\/www.ulrike-leopold.de\/wp-content\/uploads\/2025\/02\/WD_7_9-je-30x40_Druck_2023-scaled.jpg?resize=768%2C189&amp;ssl=1 768w, https:\/\/i0.wp.com\/www.ulrike-leopold.de\/wp-content\/uploads\/2025\/02\/WD_7_9-je-30x40_Druck_2023-scaled.jpg?resize=1536%2C378&amp;ssl=1 1536w, https:\/\/i0.wp.com\/www.ulrike-leopold.de\/wp-content\/uploads\/2025\/02\/WD_7_9-je-30x40_Druck_2023-scaled.jpg?resize=2048%2C504&amp;ssl=1 2048w, https:\/\/i0.wp.com\/www.ulrike-leopold.de\/wp-content\/uploads\/2025\/02\/WD_7_9-je-30x40_Druck_2023-scaled.jpg?w=1600&amp;ssl=1 1600w, https:\/\/i0.wp.com\/www.ulrike-leopold.de\/wp-content\/uploads\/2025\/02\/WD_7_9-je-30x40_Druck_2023-scaled.jpg?w=2400&amp;ssl=1 2400w\" sizes=\"auto, (max-width: 800px) 100vw, 800px\" \/><\/p>\n<p>Print auf Fotoboard, alternativ FineArtprint auf Spezialpapier, Gr\u00f6\u00dfe je 30 x 40 cm<\/p>\n<p>&nbsp;<\/p>\n<p><em><br \/>\n<strong>&#8218;whispering desire&#8216; &#8211; die fl\u00fcsternde Sehnsucht die uns begleitet<\/strong><br \/>\n<span style=\"color: #808080;\">Die Fotos dieser Serie sind im Urlaub mit dem Handy eingefangene Orte und Stimmungen.<\/span><\/em><br \/>\n<span style=\"color: #808080;\"><em>Fotos mit,einer &#8217;sch\u00f6nen&#8216; melancholischen Stimmung, einer Ruhe, einer Farbharmonie.<\/em><\/span><br \/>\n<span style=\"color: #808080;\"><em>Sie wecken Sehnsucht&#8230;.<\/em><\/span><br \/>\n<span style=\"color: #808080;\"><em>Jetzt verbinden sich in dieser Serie &#8218;whispering desire&#8216; die Fotos mit den anfangs erw\u00e4hnten<\/em><\/span><br \/>\n<span style=\"color: #808080;\"><em>Fineliner-Netzk\u00f6rpern. Diese entr\u00fcckten Netzk\u00f6rper, die allein ohne Halt, Ziel und Sinn im Bildraum<\/em><\/span><br \/>\n<span style=\"color: #808080;\"><em>schweben, dringen jetzt in den Bildraum einiger der Fotos ein, sie erreichen nicht alle.<\/em><\/span><br \/>\n<span style=\"color: #808080;\"><em>Die Netze haben jetzt, dort wo sie es schaffen ein Ziel, verlassen den leeren Raum, verlieren<\/em><\/span><br \/>\n<span style=\"color: #808080;\"><em>ihre Harmlosigkeit. Versuchen sie aus der Einsamkeit die Sehnsuchtsorte zu fangen,<\/em><\/span><br \/>\n<span style=\"color: #808080;\"><em>in Besitz zu nehmen, ihre Leere damit zu f\u00fcllen? Oder suchen sie einfach nur eine Verbindung?<\/em><\/span><\/p>\n<p><img data-recalc-dims=\"1\" loading=\"lazy\" decoding=\"async\" data-attachment-id=\"2441\" data-permalink=\"https:\/\/www.ulrike-leopold.de\/home\/neue-arbeiten\/serie-l\/ausstellungsansicht-kunstmix-2024\/\" data-orig-file=\"https:\/\/i0.wp.com\/www.ulrike-leopold.de\/wp-content\/uploads\/2025\/03\/Ausstellungsansicht-Kunstmix-2024.jpg?fit=1024%2C768&amp;ssl=1\" data-orig-size=\"1024,768\" data-comments-opened=\"0\" data-image-meta=\"{&quot;aperture&quot;:&quot;1.65&quot;,&quot;credit&quot;:&quot;&quot;,&quot;camera&quot;:&quot;HD1903&quot;,&quot;caption&quot;:&quot;&quot;,&quot;created_timestamp&quot;:&quot;1709461545&quot;,&quot;copyright&quot;:&quot;&quot;,&quot;focal_length&quot;:&quot;4.755&quot;,&quot;iso&quot;:&quot;320&quot;,&quot;shutter_speed&quot;:&quot;0.02&quot;,&quot;title&quot;:&quot;&quot;,&quot;orientation&quot;:&quot;1&quot;}\" data-image-title=\"Ausstellungsansicht Kunstmix 2024\" data-image-description=\"\" data-image-caption=\"\" data-large-file=\"https:\/\/i0.wp.com\/www.ulrike-leopold.de\/wp-content\/uploads\/2025\/03\/Ausstellungsansicht-Kunstmix-2024.jpg?fit=800%2C600&amp;ssl=1\" class=\"alignnone size-full wp-image-2441\" src=\"https:\/\/i0.wp.com\/www.ulrike-leopold.de\/wp-content\/uploads\/2025\/03\/Ausstellungsansicht-Kunstmix-2024.jpg?resize=800%2C600&#038;ssl=1\" alt=\"\" width=\"800\" height=\"600\" srcset=\"https:\/\/i0.wp.com\/www.ulrike-leopold.de\/wp-content\/uploads\/2025\/03\/Ausstellungsansicht-Kunstmix-2024.jpg?w=1024&amp;ssl=1 1024w, https:\/\/i0.wp.com\/www.ulrike-leopold.de\/wp-content\/uploads\/2025\/03\/Ausstellungsansicht-Kunstmix-2024.jpg?resize=300%2C225&amp;ssl=1 300w, https:\/\/i0.wp.com\/www.ulrike-leopold.de\/wp-content\/uploads\/2025\/03\/Ausstellungsansicht-Kunstmix-2024.jpg?resize=768%2C576&amp;ssl=1 768w\" sizes=\"auto, (max-width: 800px) 100vw, 800px\" \/><br \/>\nAusstellungsansicht Kunstmix 2024<\/p>\n<p>&nbsp;<\/p>\n<p>&nbsp;<\/p>\n<p>&nbsp;<\/p>\n","protected":false},"excerpt":{"rendered":"<p>Serie &#8222;Whispering Desire&#8220; Print auf Fotoboard, alternativ FineArtprint auf Spezialpapier, Gr\u00f6\u00dfe je 30 x 40 cm &nbsp; &#8218;whispering desire&#8216; &#8211; die fl\u00fcsternde Sehnsucht die uns begleitet Die Fotos dieser Serie sind im Urlaub mit dem Handy eingefangene Orte und Stimmungen. Fotos mit,einer &#8217;sch\u00f6nen&#8216; melancholischen Stimmung, einer Ruhe, einer Farbharmonie. Sie wecken Sehnsucht&#8230;. Jetzt verbinden sich [&hellip;]<\/p>\n","protected":false},"author":1,"featured_media":0,"parent":1546,"menu_order":4,"comment_status":"closed","ping_status":"closed","template":"","meta":{"footnotes":""},"categories":[20],"tags":[],"class_list":["post-1551","page","type-page","status-publish","hentry","category-neue-arbeiten"],"yoast_head":"<!-- This site is optimized with the Yoast SEO plugin v27.4 - https:\/\/yoast.com\/product\/yoast-seo-wordpress\/ -->\n<title>Serie &quot;Whispering Desire&quot; - Ulrike Leopold<\/title>\n<meta name=\"robots\" content=\"index, follow, max-snippet:-1, max-image-preview:large, max-video-preview:-1\" \/>\n<link rel=\"canonical\" href=\"https:\/\/www.ulrike-leopold.de\/home\/neue-arbeiten\/serie-l\/\" \/>\n<meta property=\"og:locale\" content=\"de_DE\" \/>\n<meta property=\"og:type\" content=\"article\" \/>\n<meta property=\"og:title\" content=\"Serie &quot;Whispering Desire&quot; - Ulrike Leopold\" \/>\n<meta property=\"og:description\" content=\"Serie &#8222;Whispering Desire&#8220; Print auf Fotoboard, alternativ FineArtprint auf Spezialpapier, Gr\u00f6\u00dfe je 30 x 40 cm &nbsp; &#8218;whispering desire&#8216; &#8211; die fl\u00fcsternde Sehnsucht die uns begleitet Die Fotos dieser Serie sind im Urlaub mit dem Handy eingefangene Orte und Stimmungen. Fotos mit,einer &#8217;sch\u00f6nen&#8216; melancholischen Stimmung, einer Ruhe, einer Farbharmonie. Sie wecken Sehnsucht&#8230;. Jetzt verbinden sich [&hellip;]\" \/>\n<meta property=\"og:url\" content=\"https:\/\/www.ulrike-leopold.de\/home\/neue-arbeiten\/serie-l\/\" \/>\n<meta property=\"og:site_name\" content=\"Ulrike Leopold\" \/>\n<meta property=\"article:modified_time\" content=\"2025-03-04T09:31:22+00:00\" \/>\n<meta property=\"og:image\" content=\"https:\/\/www.ulrike-leopold.de\/wp-content\/uploads\/2025\/02\/Fotos-m-Netz-N10_30x40_2023_k.jpg\" \/>\n<meta name=\"twitter:card\" content=\"summary_large_image\" \/>\n<meta name=\"twitter:label1\" content=\"Gesch\u00e4tzte Lesezeit\" \/>\n\t<meta name=\"twitter:data1\" content=\"2\u00a0Minuten\" \/>\n<script type=\"application\/ld+json\" class=\"yoast-schema-graph\">{\"@context\":\"https:\\\/\\\/schema.org\",\"@graph\":[{\"@type\":\"WebPage\",\"@id\":\"https:\\\/\\\/www.ulrike-leopold.de\\\/home\\\/neue-arbeiten\\\/serie-l\\\/\",\"url\":\"https:\\\/\\\/www.ulrike-leopold.de\\\/home\\\/neue-arbeiten\\\/serie-l\\\/\",\"name\":\"Serie \\\"Whispering Desire\\\" - Ulrike Leopold\",\"isPartOf\":{\"@id\":\"https:\\\/\\\/www.ulrike-leopold.de\\\/home\\\/#website\"},\"primaryImageOfPage\":{\"@id\":\"https:\\\/\\\/www.ulrike-leopold.de\\\/home\\\/neue-arbeiten\\\/serie-l\\\/#primaryimage\"},\"image\":{\"@id\":\"https:\\\/\\\/www.ulrike-leopold.de\\\/home\\\/neue-arbeiten\\\/serie-l\\\/#primaryimage\"},\"thumbnailUrl\":\"https:\\\/\\\/www.ulrike-leopold.de\\\/wp-content\\\/uploads\\\/2025\\\/02\\\/Fotos-m-Netz-N10_30x40_2023_k.jpg\",\"datePublished\":\"2021-11-16T13:11:42+00:00\",\"dateModified\":\"2025-03-04T09:31:22+00:00\",\"breadcrumb\":{\"@id\":\"https:\\\/\\\/www.ulrike-leopold.de\\\/home\\\/neue-arbeiten\\\/serie-l\\\/#breadcrumb\"},\"inLanguage\":\"de\",\"potentialAction\":[{\"@type\":\"ReadAction\",\"target\":[\"https:\\\/\\\/www.ulrike-leopold.de\\\/home\\\/neue-arbeiten\\\/serie-l\\\/\"]}]},{\"@type\":\"ImageObject\",\"inLanguage\":\"de\",\"@id\":\"https:\\\/\\\/www.ulrike-leopold.de\\\/home\\\/neue-arbeiten\\\/serie-l\\\/#primaryimage\",\"url\":\"https:\\\/\\\/www.ulrike-leopold.de\\\/wp-content\\\/uploads\\\/2025\\\/02\\\/Fotos-m-Netz-N10_30x40_2023_k.jpg\",\"contentUrl\":\"https:\\\/\\\/www.ulrike-leopold.de\\\/wp-content\\\/uploads\\\/2025\\\/02\\\/Fotos-m-Netz-N10_30x40_2023_k.jpg\"},{\"@type\":\"BreadcrumbList\",\"@id\":\"https:\\\/\\\/www.ulrike-leopold.de\\\/home\\\/neue-arbeiten\\\/serie-l\\\/#breadcrumb\",\"itemListElement\":[{\"@type\":\"ListItem\",\"position\":1,\"name\":\"Startseite\",\"item\":\"https:\\\/\\\/www.ulrike-leopold.de\\\/home\\\/\"},{\"@type\":\"ListItem\",\"position\":2,\"name\":\"Neue Arbeiten\",\"item\":\"https:\\\/\\\/www.ulrike-leopold.de\\\/home\\\/neue-arbeiten\\\/\"},{\"@type\":\"ListItem\",\"position\":3,\"name\":\"Serie &#8222;Whispering Desire&#8220;\"}]},{\"@type\":\"WebSite\",\"@id\":\"https:\\\/\\\/www.ulrike-leopold.de\\\/home\\\/#website\",\"url\":\"https:\\\/\\\/www.ulrike-leopold.de\\\/home\\\/\",\"name\":\"Ulrike Leopold\",\"description\":\"Malerei und Zeichnung\",\"publisher\":{\"@id\":\"https:\\\/\\\/www.ulrike-leopold.de\\\/home\\\/#\\\/schema\\\/person\\\/1bb05548ef8c3706b3ed43a49d201731\"},\"potentialAction\":[{\"@type\":\"SearchAction\",\"target\":{\"@type\":\"EntryPoint\",\"urlTemplate\":\"https:\\\/\\\/www.ulrike-leopold.de\\\/home\\\/?s={search_term_string}\"},\"query-input\":{\"@type\":\"PropertyValueSpecification\",\"valueRequired\":true,\"valueName\":\"search_term_string\"}}],\"inLanguage\":\"de\"},{\"@type\":[\"Person\",\"Organization\"],\"@id\":\"https:\\\/\\\/www.ulrike-leopold.de\\\/home\\\/#\\\/schema\\\/person\\\/1bb05548ef8c3706b3ed43a49d201731\",\"name\":\"ulli\",\"image\":{\"@type\":\"ImageObject\",\"inLanguage\":\"de\",\"@id\":\"https:\\\/\\\/secure.gravatar.com\\\/avatar\\\/11a80f167712a54e0708205c339a2e8a1703d5d003aeb30a0e5a540844b892a9?s=96&d=mm&r=g\",\"url\":\"https:\\\/\\\/secure.gravatar.com\\\/avatar\\\/11a80f167712a54e0708205c339a2e8a1703d5d003aeb30a0e5a540844b892a9?s=96&d=mm&r=g\",\"contentUrl\":\"https:\\\/\\\/secure.gravatar.com\\\/avatar\\\/11a80f167712a54e0708205c339a2e8a1703d5d003aeb30a0e5a540844b892a9?s=96&d=mm&r=g\",\"caption\":\"ulli\"},\"logo\":{\"@id\":\"https:\\\/\\\/secure.gravatar.com\\\/avatar\\\/11a80f167712a54e0708205c339a2e8a1703d5d003aeb30a0e5a540844b892a9?s=96&d=mm&r=g\"}}]}<\/script>\n<!-- \/ Yoast SEO plugin. -->","yoast_head_json":{"title":"Serie \"Whispering Desire\" - Ulrike Leopold","robots":{"index":"index","follow":"follow","max-snippet":"max-snippet:-1","max-image-preview":"max-image-preview:large","max-video-preview":"max-video-preview:-1"},"canonical":"https:\/\/www.ulrike-leopold.de\/home\/neue-arbeiten\/serie-l\/","og_locale":"de_DE","og_type":"article","og_title":"Serie \"Whispering Desire\" - Ulrike Leopold","og_description":"Serie &#8222;Whispering Desire&#8220; Print auf Fotoboard, alternativ FineArtprint auf Spezialpapier, Gr\u00f6\u00dfe je 30 x 40 cm &nbsp; &#8218;whispering desire&#8216; &#8211; die fl\u00fcsternde Sehnsucht die uns begleitet Die Fotos dieser Serie sind im Urlaub mit dem Handy eingefangene Orte und Stimmungen. Fotos mit,einer &#8217;sch\u00f6nen&#8216; melancholischen Stimmung, einer Ruhe, einer Farbharmonie. Sie wecken Sehnsucht&#8230;. Jetzt verbinden sich [&hellip;]","og_url":"https:\/\/www.ulrike-leopold.de\/home\/neue-arbeiten\/serie-l\/","og_site_name":"Ulrike Leopold","article_modified_time":"2025-03-04T09:31:22+00:00","og_image":[{"url":"https:\/\/www.ulrike-leopold.de\/wp-content\/uploads\/2025\/02\/Fotos-m-Netz-N10_30x40_2023_k.jpg","type":"","width":"","height":""}],"twitter_card":"summary_large_image","twitter_misc":{"Gesch\u00e4tzte Lesezeit":"2\u00a0Minuten"},"schema":{"@context":"https:\/\/schema.org","@graph":[{"@type":"WebPage","@id":"https:\/\/www.ulrike-leopold.de\/home\/neue-arbeiten\/serie-l\/","url":"https:\/\/www.ulrike-leopold.de\/home\/neue-arbeiten\/serie-l\/","name":"Serie \"Whispering Desire\" - Ulrike Leopold","isPartOf":{"@id":"https:\/\/www.ulrike-leopold.de\/home\/#website"},"primaryImageOfPage":{"@id":"https:\/\/www.ulrike-leopold.de\/home\/neue-arbeiten\/serie-l\/#primaryimage"},"image":{"@id":"https:\/\/www.ulrike-leopold.de\/home\/neue-arbeiten\/serie-l\/#primaryimage"},"thumbnailUrl":"https:\/\/www.ulrike-leopold.de\/wp-content\/uploads\/2025\/02\/Fotos-m-Netz-N10_30x40_2023_k.jpg","datePublished":"2021-11-16T13:11:42+00:00","dateModified":"2025-03-04T09:31:22+00:00","breadcrumb":{"@id":"https:\/\/www.ulrike-leopold.de\/home\/neue-arbeiten\/serie-l\/#breadcrumb"},"inLanguage":"de","potentialAction":[{"@type":"ReadAction","target":["https:\/\/www.ulrike-leopold.de\/home\/neue-arbeiten\/serie-l\/"]}]},{"@type":"ImageObject","inLanguage":"de","@id":"https:\/\/www.ulrike-leopold.de\/home\/neue-arbeiten\/serie-l\/#primaryimage","url":"https:\/\/www.ulrike-leopold.de\/wp-content\/uploads\/2025\/02\/Fotos-m-Netz-N10_30x40_2023_k.jpg","contentUrl":"https:\/\/www.ulrike-leopold.de\/wp-content\/uploads\/2025\/02\/Fotos-m-Netz-N10_30x40_2023_k.jpg"},{"@type":"BreadcrumbList","@id":"https:\/\/www.ulrike-leopold.de\/home\/neue-arbeiten\/serie-l\/#breadcrumb","itemListElement":[{"@type":"ListItem","position":1,"name":"Startseite","item":"https:\/\/www.ulrike-leopold.de\/home\/"},{"@type":"ListItem","position":2,"name":"Neue Arbeiten","item":"https:\/\/www.ulrike-leopold.de\/home\/neue-arbeiten\/"},{"@type":"ListItem","position":3,"name":"Serie &#8222;Whispering Desire&#8220;"}]},{"@type":"WebSite","@id":"https:\/\/www.ulrike-leopold.de\/home\/#website","url":"https:\/\/www.ulrike-leopold.de\/home\/","name":"Ulrike Leopold","description":"Malerei und Zeichnung","publisher":{"@id":"https:\/\/www.ulrike-leopold.de\/home\/#\/schema\/person\/1bb05548ef8c3706b3ed43a49d201731"},"potentialAction":[{"@type":"SearchAction","target":{"@type":"EntryPoint","urlTemplate":"https:\/\/www.ulrike-leopold.de\/home\/?s={search_term_string}"},"query-input":{"@type":"PropertyValueSpecification","valueRequired":true,"valueName":"search_term_string"}}],"inLanguage":"de"},{"@type":["Person","Organization"],"@id":"https:\/\/www.ulrike-leopold.de\/home\/#\/schema\/person\/1bb05548ef8c3706b3ed43a49d201731","name":"ulli","image":{"@type":"ImageObject","inLanguage":"de","@id":"https:\/\/secure.gravatar.com\/avatar\/11a80f167712a54e0708205c339a2e8a1703d5d003aeb30a0e5a540844b892a9?s=96&d=mm&r=g","url":"https:\/\/secure.gravatar.com\/avatar\/11a80f167712a54e0708205c339a2e8a1703d5d003aeb30a0e5a540844b892a9?s=96&d=mm&r=g","contentUrl":"https:\/\/secure.gravatar.com\/avatar\/11a80f167712a54e0708205c339a2e8a1703d5d003aeb30a0e5a540844b892a9?s=96&d=mm&r=g","caption":"ulli"},"logo":{"@id":"https:\/\/secure.gravatar.com\/avatar\/11a80f167712a54e0708205c339a2e8a1703d5d003aeb30a0e5a540844b892a9?s=96&d=mm&r=g"}}]}},"jetpack_sharing_enabled":true,"_links":{"self":[{"href":"https:\/\/www.ulrike-leopold.de\/home\/wp-json\/wp\/v2\/pages\/1551","targetHints":{"allow":["GET"]}}],"collection":[{"href":"https:\/\/www.ulrike-leopold.de\/home\/wp-json\/wp\/v2\/pages"}],"about":[{"href":"https:\/\/www.ulrike-leopold.de\/home\/wp-json\/wp\/v2\/types\/page"}],"author":[{"embeddable":true,"href":"https:\/\/www.ulrike-leopold.de\/home\/wp-json\/wp\/v2\/users\/1"}],"replies":[{"embeddable":true,"href":"https:\/\/www.ulrike-leopold.de\/home\/wp-json\/wp\/v2\/comments?post=1551"}],"version-history":[{"count":41,"href":"https:\/\/www.ulrike-leopold.de\/home\/wp-json\/wp\/v2\/pages\/1551\/revisions"}],"predecessor-version":[{"id":2520,"href":"https:\/\/www.ulrike-leopold.de\/home\/wp-json\/wp\/v2\/pages\/1551\/revisions\/2520"}],"up":[{"embeddable":true,"href":"https:\/\/www.ulrike-leopold.de\/home\/wp-json\/wp\/v2\/pages\/1546"}],"wp:attachment":[{"href":"https:\/\/www.ulrike-leopold.de\/home\/wp-json\/wp\/v2\/media?parent=1551"}],"wp:term":[{"taxonomy":"category","embeddable":true,"href":"https:\/\/www.ulrike-leopold.de\/home\/wp-json\/wp\/v2\/categories?post=1551"},{"taxonomy":"post_tag","embeddable":true,"href":"https:\/\/www.ulrike-leopold.de\/home\/wp-json\/wp\/v2\/tags?post=1551"}],"curies":[{"name":"wp","href":"https:\/\/api.w.org\/{rel}","templated":true}]}}