{"id":310,"date":"2016-10-30T09:36:21","date_gmt":"2016-10-30T08:36:21","guid":{"rendered":"http:\/\/www.ulli.ulrike-leopold.de\/?page_id=310"},"modified":"2022-12-29T16:00:07","modified_gmt":"2022-12-29T15:00:07","slug":"von-a-nach-b","status":"publish","type":"page","link":"https:\/\/www.ulrike-leopold.de\/home\/projekte\/von-a-nach-b\/","title":{"rendered":"Unterwegs"},"content":{"rendered":"<p><strong>Unterwegs<br \/>\n<\/strong>Work in progress<\/p>\n<p>&#8222;&#8230; In den Zeichnungen der Serie <em>Unterwegs<\/em>, eine sich st\u00e4ndig erweiternde Arbeit,<br \/>\nwerden r\u00e4umliche und zeitliche Aspekte der Bewegung markiert.<br \/>\nWie ein Seismograph zeichnet sie ihre ganz pers\u00f6nlich er-fahrene Bewegung auf ein Blatt,<br \/>\nund sie l\u00e4dt uns ein, diese Reise zu begleiten.<\/p>\n<p>Diese Aufzeichnungen sind zugleich eigenst\u00e4ndige Zeichnungen &#8211; die bewegte Linie<br \/>\nsteht im Mittelpunkt. Aus diesem Ansatz haben sich weitere Arbeiten entwickelt.&#8220;<\/p>\n<p>&nbsp;<\/p>\n<p>&nbsp;<\/p>\n<p><strong>\u00a0<\/strong><\/p>\n<p>&nbsp;<\/p>\n<p>&nbsp;<\/p>\n","protected":false},"excerpt":{"rendered":"<p>Unterwegs Work in progress &#8222;&#8230; In den Zeichnungen der Serie Unterwegs, eine sich st\u00e4ndig erweiternde Arbeit, werden r\u00e4umliche und zeitliche Aspekte der Bewegung markiert. Wie ein Seismograph zeichnet sie ihre ganz pers\u00f6nlich er-fahrene Bewegung auf ein Blatt, und sie l\u00e4dt uns ein, diese Reise zu begleiten. Diese Aufzeichnungen sind zugleich eigenst\u00e4ndige Zeichnungen &#8211; die bewegte [&hellip;]<\/p>\n","protected":false},"author":1,"featured_media":0,"parent":192,"menu_order":0,"comment_status":"closed","ping_status":"closed","template":"","meta":{"footnotes":""},"categories":[32,24],"tags":[],"class_list":["post-310","page","type-page","status-publish","hentry","category-projekte","category-kat-unterwegs"],"yoast_head":"<!-- This site is optimized with the Yoast SEO plugin v27.4 - https:\/\/yoast.com\/product\/yoast-seo-wordpress\/ -->\n<title>Unterwegs - Ulrike Leopold<\/title>\n<meta name=\"robots\" content=\"index, follow, max-snippet:-1, max-image-preview:large, max-video-preview:-1\" \/>\n<link rel=\"canonical\" href=\"https:\/\/www.ulrike-leopold.de\/home\/projekte\/von-a-nach-b\/\" \/>\n<meta property=\"og:locale\" content=\"de_DE\" \/>\n<meta property=\"og:type\" content=\"article\" \/>\n<meta property=\"og:title\" content=\"Unterwegs - Ulrike Leopold\" \/>\n<meta property=\"og:description\" content=\"Unterwegs Work in progress &#8222;&#8230; In den Zeichnungen der Serie Unterwegs, eine sich st\u00e4ndig erweiternde Arbeit, werden r\u00e4umliche und zeitliche Aspekte der Bewegung markiert. Wie ein Seismograph zeichnet sie ihre ganz pers\u00f6nlich er-fahrene Bewegung auf ein Blatt, und sie l\u00e4dt uns ein, diese Reise zu begleiten. Diese Aufzeichnungen sind zugleich eigenst\u00e4ndige Zeichnungen &#8211; die bewegte [&hellip;]\" \/>\n<meta property=\"og:url\" content=\"https:\/\/www.ulrike-leopold.de\/home\/projekte\/von-a-nach-b\/\" \/>\n<meta property=\"og:site_name\" content=\"Ulrike Leopold\" \/>\n<meta property=\"article:modified_time\" content=\"2022-12-29T15:00:07+00:00\" \/>\n<meta name=\"twitter:card\" content=\"summary_large_image\" \/>\n<script type=\"application\/ld+json\" class=\"yoast-schema-graph\">{\"@context\":\"https:\\\/\\\/schema.org\",\"@graph\":[{\"@type\":\"WebPage\",\"@id\":\"https:\\\/\\\/www.ulrike-leopold.de\\\/home\\\/projekte\\\/von-a-nach-b\\\/\",\"url\":\"https:\\\/\\\/www.ulrike-leopold.de\\\/home\\\/projekte\\\/von-a-nach-b\\\/\",\"name\":\"Unterwegs - Ulrike Leopold\",\"isPartOf\":{\"@id\":\"https:\\\/\\\/www.ulrike-leopold.de\\\/home\\\/#website\"},\"datePublished\":\"2016-10-30T08:36:21+00:00\",\"dateModified\":\"2022-12-29T15:00:07+00:00\",\"breadcrumb\":{\"@id\":\"https:\\\/\\\/www.ulrike-leopold.de\\\/home\\\/projekte\\\/von-a-nach-b\\\/#breadcrumb\"},\"inLanguage\":\"de\",\"potentialAction\":[{\"@type\":\"ReadAction\",\"target\":[\"https:\\\/\\\/www.ulrike-leopold.de\\\/home\\\/projekte\\\/von-a-nach-b\\\/\"]}]},{\"@type\":\"BreadcrumbList\",\"@id\":\"https:\\\/\\\/www.ulrike-leopold.de\\\/home\\\/projekte\\\/von-a-nach-b\\\/#breadcrumb\",\"itemListElement\":[{\"@type\":\"ListItem\",\"position\":1,\"name\":\"Startseite\",\"item\":\"https:\\\/\\\/www.ulrike-leopold.de\\\/home\\\/\"},{\"@type\":\"ListItem\",\"position\":2,\"name\":\"Projekte\",\"item\":\"https:\\\/\\\/www.ulrike-leopold.de\\\/home\\\/projekte\\\/\"},{\"@type\":\"ListItem\",\"position\":3,\"name\":\"Unterwegs\"}]},{\"@type\":\"WebSite\",\"@id\":\"https:\\\/\\\/www.ulrike-leopold.de\\\/home\\\/#website\",\"url\":\"https:\\\/\\\/www.ulrike-leopold.de\\\/home\\\/\",\"name\":\"Ulrike Leopold\",\"description\":\"Malerei und Zeichnung\",\"publisher\":{\"@id\":\"https:\\\/\\\/www.ulrike-leopold.de\\\/home\\\/#\\\/schema\\\/person\\\/1bb05548ef8c3706b3ed43a49d201731\"},\"potentialAction\":[{\"@type\":\"SearchAction\",\"target\":{\"@type\":\"EntryPoint\",\"urlTemplate\":\"https:\\\/\\\/www.ulrike-leopold.de\\\/home\\\/?s={search_term_string}\"},\"query-input\":{\"@type\":\"PropertyValueSpecification\",\"valueRequired\":true,\"valueName\":\"search_term_string\"}}],\"inLanguage\":\"de\"},{\"@type\":[\"Person\",\"Organization\"],\"@id\":\"https:\\\/\\\/www.ulrike-leopold.de\\\/home\\\/#\\\/schema\\\/person\\\/1bb05548ef8c3706b3ed43a49d201731\",\"name\":\"ulli\",\"image\":{\"@type\":\"ImageObject\",\"inLanguage\":\"de\",\"@id\":\"https:\\\/\\\/secure.gravatar.com\\\/avatar\\\/11a80f167712a54e0708205c339a2e8a1703d5d003aeb30a0e5a540844b892a9?s=96&d=mm&r=g\",\"url\":\"https:\\\/\\\/secure.gravatar.com\\\/avatar\\\/11a80f167712a54e0708205c339a2e8a1703d5d003aeb30a0e5a540844b892a9?s=96&d=mm&r=g\",\"contentUrl\":\"https:\\\/\\\/secure.gravatar.com\\\/avatar\\\/11a80f167712a54e0708205c339a2e8a1703d5d003aeb30a0e5a540844b892a9?s=96&d=mm&r=g\",\"caption\":\"ulli\"},\"logo\":{\"@id\":\"https:\\\/\\\/secure.gravatar.com\\\/avatar\\\/11a80f167712a54e0708205c339a2e8a1703d5d003aeb30a0e5a540844b892a9?s=96&d=mm&r=g\"}}]}<\/script>\n<!-- \/ Yoast SEO plugin. -->","yoast_head_json":{"title":"Unterwegs - Ulrike Leopold","robots":{"index":"index","follow":"follow","max-snippet":"max-snippet:-1","max-image-preview":"max-image-preview:large","max-video-preview":"max-video-preview:-1"},"canonical":"https:\/\/www.ulrike-leopold.de\/home\/projekte\/von-a-nach-b\/","og_locale":"de_DE","og_type":"article","og_title":"Unterwegs - Ulrike Leopold","og_description":"Unterwegs Work in progress &#8222;&#8230; In den Zeichnungen der Serie Unterwegs, eine sich st\u00e4ndig erweiternde Arbeit, werden r\u00e4umliche und zeitliche Aspekte der Bewegung markiert. Wie ein Seismograph zeichnet sie ihre ganz pers\u00f6nlich er-fahrene Bewegung auf ein Blatt, und sie l\u00e4dt uns ein, diese Reise zu begleiten. Diese Aufzeichnungen sind zugleich eigenst\u00e4ndige Zeichnungen &#8211; die bewegte [&hellip;]","og_url":"https:\/\/www.ulrike-leopold.de\/home\/projekte\/von-a-nach-b\/","og_site_name":"Ulrike Leopold","article_modified_time":"2022-12-29T15:00:07+00:00","twitter_card":"summary_large_image","schema":{"@context":"https:\/\/schema.org","@graph":[{"@type":"WebPage","@id":"https:\/\/www.ulrike-leopold.de\/home\/projekte\/von-a-nach-b\/","url":"https:\/\/www.ulrike-leopold.de\/home\/projekte\/von-a-nach-b\/","name":"Unterwegs - Ulrike Leopold","isPartOf":{"@id":"https:\/\/www.ulrike-leopold.de\/home\/#website"},"datePublished":"2016-10-30T08:36:21+00:00","dateModified":"2022-12-29T15:00:07+00:00","breadcrumb":{"@id":"https:\/\/www.ulrike-leopold.de\/home\/projekte\/von-a-nach-b\/#breadcrumb"},"inLanguage":"de","potentialAction":[{"@type":"ReadAction","target":["https:\/\/www.ulrike-leopold.de\/home\/projekte\/von-a-nach-b\/"]}]},{"@type":"BreadcrumbList","@id":"https:\/\/www.ulrike-leopold.de\/home\/projekte\/von-a-nach-b\/#breadcrumb","itemListElement":[{"@type":"ListItem","position":1,"name":"Startseite","item":"https:\/\/www.ulrike-leopold.de\/home\/"},{"@type":"ListItem","position":2,"name":"Projekte","item":"https:\/\/www.ulrike-leopold.de\/home\/projekte\/"},{"@type":"ListItem","position":3,"name":"Unterwegs"}]},{"@type":"WebSite","@id":"https:\/\/www.ulrike-leopold.de\/home\/#website","url":"https:\/\/www.ulrike-leopold.de\/home\/","name":"Ulrike Leopold","description":"Malerei und Zeichnung","publisher":{"@id":"https:\/\/www.ulrike-leopold.de\/home\/#\/schema\/person\/1bb05548ef8c3706b3ed43a49d201731"},"potentialAction":[{"@type":"SearchAction","target":{"@type":"EntryPoint","urlTemplate":"https:\/\/www.ulrike-leopold.de\/home\/?s={search_term_string}"},"query-input":{"@type":"PropertyValueSpecification","valueRequired":true,"valueName":"search_term_string"}}],"inLanguage":"de"},{"@type":["Person","Organization"],"@id":"https:\/\/www.ulrike-leopold.de\/home\/#\/schema\/person\/1bb05548ef8c3706b3ed43a49d201731","name":"ulli","image":{"@type":"ImageObject","inLanguage":"de","@id":"https:\/\/secure.gravatar.com\/avatar\/11a80f167712a54e0708205c339a2e8a1703d5d003aeb30a0e5a540844b892a9?s=96&d=mm&r=g","url":"https:\/\/secure.gravatar.com\/avatar\/11a80f167712a54e0708205c339a2e8a1703d5d003aeb30a0e5a540844b892a9?s=96&d=mm&r=g","contentUrl":"https:\/\/secure.gravatar.com\/avatar\/11a80f167712a54e0708205c339a2e8a1703d5d003aeb30a0e5a540844b892a9?s=96&d=mm&r=g","caption":"ulli"},"logo":{"@id":"https:\/\/secure.gravatar.com\/avatar\/11a80f167712a54e0708205c339a2e8a1703d5d003aeb30a0e5a540844b892a9?s=96&d=mm&r=g"}}]}},"jetpack_sharing_enabled":true,"_links":{"self":[{"href":"https:\/\/www.ulrike-leopold.de\/home\/wp-json\/wp\/v2\/pages\/310","targetHints":{"allow":["GET"]}}],"collection":[{"href":"https:\/\/www.ulrike-leopold.de\/home\/wp-json\/wp\/v2\/pages"}],"about":[{"href":"https:\/\/www.ulrike-leopold.de\/home\/wp-json\/wp\/v2\/types\/page"}],"author":[{"embeddable":true,"href":"https:\/\/www.ulrike-leopold.de\/home\/wp-json\/wp\/v2\/users\/1"}],"replies":[{"embeddable":true,"href":"https:\/\/www.ulrike-leopold.de\/home\/wp-json\/wp\/v2\/comments?post=310"}],"version-history":[{"count":48,"href":"https:\/\/www.ulrike-leopold.de\/home\/wp-json\/wp\/v2\/pages\/310\/revisions"}],"predecessor-version":[{"id":1345,"href":"https:\/\/www.ulrike-leopold.de\/home\/wp-json\/wp\/v2\/pages\/310\/revisions\/1345"}],"up":[{"embeddable":true,"href":"https:\/\/www.ulrike-leopold.de\/home\/wp-json\/wp\/v2\/pages\/192"}],"wp:attachment":[{"href":"https:\/\/www.ulrike-leopold.de\/home\/wp-json\/wp\/v2\/media?parent=310"}],"wp:term":[{"taxonomy":"category","embeddable":true,"href":"https:\/\/www.ulrike-leopold.de\/home\/wp-json\/wp\/v2\/categories?post=310"},{"taxonomy":"post_tag","embeddable":true,"href":"https:\/\/www.ulrike-leopold.de\/home\/wp-json\/wp\/v2\/tags?post=310"}],"curies":[{"name":"wp","href":"https:\/\/api.w.org\/{rel}","templated":true}]}}