{"id":33,"date":"2016-10-14T17:22:51","date_gmt":"2016-10-14T15:22:51","guid":{"rendered":"http:\/\/www.ulli.ulrike-leopold.de\/?page_id=33"},"modified":"2022-12-29T16:20:58","modified_gmt":"2022-12-29T15:20:58","slug":"impressum_datenschutz","status":"publish","type":"page","link":"https:\/\/www.ulrike-leopold.de\/home\/impressum_datenschutz\/","title":{"rendered":"Impressum und Datenschutz"},"content":{"rendered":"<p><strong>Impressum<\/strong><br \/>\nVerantwortlich f\u00fcr den Inhalt:<\/p>\n<p>Ulrike Leopold<br \/>\nkunst(at)ulrike-leopold.de<\/p>\n<div class=\"entry-content\">\n<p>Angaben gem\u00e4\u00df \u00a7 5 TMG:<\/p>\n<p>&nbsp;<\/p>\n<p><strong>Haftungsausschluss (Disclaimer)<\/strong><\/p>\n<p><strong>Haftung f\u00fcr Inhalte<\/strong><br \/>\nAls Diensteanbieter sind wir gem\u00e4\u00df \u00a7 7 Abs.1 TMG f\u00fcr eigene Inhalte auf diesen Seiten nach den allgemeinen Gesetzen verantwortlich. Nach \u00a7\u00a7 8 bis 10 TMG sind wir als Diensteanbieter jedoch nicht verpflichtet, \u00fcbermittelte oder gespeicherte fremde Informationen zu \u00fcberwachen oder nach Umst\u00e4nden zu forschen, die auf eine rechtswidrige T\u00e4tigkeit hinweisen. Verpflichtungen zur Entfernung oder Sperrung der Nutzung von Informationen nach den allgemeinen Gesetzen bleiben hiervon unber\u00fchrt. Eine diesbez\u00fcgliche Haftung ist jedoch erst ab dem Zeitpunkt der Kenntnis einer konkreten Rechtsverletzung m\u00f6glich. Bei Bekanntwerden von entsprechenden Rechtsverletzungen werden wir diese Inhalte umgehend entfernen.<\/p>\n<p><strong>Haftung f\u00fcr Links<\/strong><br \/>\nUnser Angebot enth\u00e4lt Links zu externen Webseiten Dritter, auf deren Inhalte wir keinen Einfluss haben. Deshalb k\u00f6nnen wir f\u00fcr diese fremden Inhalte auch keine Gew\u00e4hr \u00fcbernehmen. F\u00fcr die Inhalte der verlinkten Seiten ist stets der jeweilige Anbieter oder Betreiber der Seiten verantwortlich. Die verlinkten Seiten wurden zum Zeitpunkt der Verlinkung auf m\u00f6gliche Rechtsverst\u00f6\u00dfe \u00fcberpr\u00fcft. Rechtswidrige Inhalte waren zum Zeitpunkt der Verlinkung nicht erkennbar. Eine permanente inhaltliche Kontrolle der verlinkten Seiten ist jedoch ohne konkrete Anhaltspunkte einer Rechtsverletzung nicht zumutbar. Bei Bekanntwerden von Rechtsverletzungen werden wir derartige Links umgehend entfernen.<\/p>\n<p><strong>Urheberrecht<\/strong><br \/>\nDie durch die Seitenbetreiber erstellten Inhalte und Werke auf diesen Seiten unterliegen dem deutschen Urheberrecht. Die Vervielf\u00e4ltigung, Bearbeitung, Verbreitung und jede Art der Verwertung au\u00dferhalb der Grenzen des Urheberrechtes bed\u00fcrfen der schriftlichen Zustimmung des jeweiligen Autors bzw. Erstellers. Downloads und Kopien dieser Seite sind nur f\u00fcr den privaten, nicht kommerziellen Gebrauch gestattet. Soweit die Inhalte auf dieser Seite nicht vom Betreiber erstellt wurden, werden die Urheberrechte Dritter beachtet. Insbesondere werden Inhalte Dritter als solche gekennzeichnet. Sollten Sie trotzdem auf eine Urheberrechtsverletzung aufmerksam werden, bitten wir um einen entsprechenden Hinweis. Bei Bekanntwerden von Rechtsverletzungen werden wir derartige Inhalte umgehend entfernen.<\/p>\n<p>Quelle: https:\/\/www.e-recht24.de<\/p>\n<\/div>\n<p>&nbsp;<\/p>\n<div class=\"dataPrivacyPreviewBox blockStandout blockStandoutBorder spaceItem\" data-match-height=\"privacy\">\n<p><strong>Allgemeine Datenschutzerkl\u00e4rung<\/strong><\/p>\n<p>Durch die Nutzung meiner Website erkl\u00e4ren Sie sich mit der Erhebung, Verarbeitung und Nutzung von Daten gem\u00e4\u00df der nachfolgenden Beschreibung einverstanden. Meine Website kann grunds\u00e4tzlich ohne Registrierung besucht werden. Dabei werden Daten wie beispielsweise aufgerufene Seiten bzw. Namen der abgerufenen Datei, Datum und Uhrzeit zu statistischen Zwecken auf dem Server gespeichert, ohne dass diese Daten unmittelbar auf Ihre Person bezogen werden. Personenbezogene Daten, insbesondere Name, Adresse oder E-Mail-Adresse werden soweit m\u00f6glich auf freiwilliger Basis erhoben. Ohne Ihre Einwilligung erfolgt keine Weitergabe der Daten an Dritte.<\/p>\n<p>Quelle: <a href=\"https:\/\/www.anwalt.de\/vorlage\/muster-datenschutzerklaerung.php\" target=\"_blank\" rel=\"noopener noreferrer\">Datenschutzerkl\u00e4rung von anwalt.de<\/a><\/p>\n<\/div>\n<p>&nbsp;<\/p>\n","protected":false},"excerpt":{"rendered":"<p>Impressum Verantwortlich f\u00fcr den Inhalt: Ulrike Leopold kunst(at)ulrike-leopold.de Angaben gem\u00e4\u00df \u00a7 5 TMG: &nbsp; Haftungsausschluss (Disclaimer) Haftung f\u00fcr Inhalte Als Diensteanbieter sind wir gem\u00e4\u00df \u00a7 7 Abs.1 TMG f\u00fcr eigene Inhalte auf diesen Seiten nach den allgemeinen Gesetzen verantwortlich. Nach \u00a7\u00a7 8 bis 10 TMG sind wir als Diensteanbieter jedoch nicht verpflichtet, \u00fcbermittelte oder gespeicherte [&hellip;]<\/p>\n","protected":false},"author":1,"featured_media":0,"parent":0,"menu_order":70,"comment_status":"closed","ping_status":"closed","template":"","meta":{"footnotes":""},"categories":[38],"tags":[],"class_list":["post-33","page","type-page","status-publish","hentry","category-basics"],"yoast_head":"<!-- This site is optimized with the Yoast SEO plugin v27.4 - https:\/\/yoast.com\/product\/yoast-seo-wordpress\/ -->\n<title>Impressum und Datenschutz - Ulrike Leopold<\/title>\n<meta name=\"robots\" content=\"index, follow, max-snippet:-1, max-image-preview:large, max-video-preview:-1\" \/>\n<link rel=\"canonical\" href=\"https:\/\/www.ulrike-leopold.de\/home\/impressum_datenschutz\/\" \/>\n<meta property=\"og:locale\" content=\"de_DE\" \/>\n<meta property=\"og:type\" content=\"article\" \/>\n<meta property=\"og:title\" content=\"Impressum und Datenschutz - Ulrike Leopold\" \/>\n<meta property=\"og:description\" content=\"Impressum Verantwortlich f\u00fcr den Inhalt: Ulrike Leopold kunst(at)ulrike-leopold.de Angaben gem\u00e4\u00df \u00a7 5 TMG: &nbsp; Haftungsausschluss (Disclaimer) Haftung f\u00fcr Inhalte Als Diensteanbieter sind wir gem\u00e4\u00df \u00a7 7 Abs.1 TMG f\u00fcr eigene Inhalte auf diesen Seiten nach den allgemeinen Gesetzen verantwortlich. Nach \u00a7\u00a7 8 bis 10 TMG sind wir als Diensteanbieter jedoch nicht verpflichtet, \u00fcbermittelte oder gespeicherte [&hellip;]\" \/>\n<meta property=\"og:url\" content=\"https:\/\/www.ulrike-leopold.de\/home\/impressum_datenschutz\/\" \/>\n<meta property=\"og:site_name\" content=\"Ulrike Leopold\" \/>\n<meta property=\"article:modified_time\" content=\"2022-12-29T15:20:58+00:00\" \/>\n<meta name=\"twitter:card\" content=\"summary_large_image\" \/>\n<meta name=\"twitter:label1\" content=\"Gesch\u00e4tzte Lesezeit\" \/>\n\t<meta name=\"twitter:data1\" content=\"2\u00a0Minuten\" \/>\n<script type=\"application\/ld+json\" class=\"yoast-schema-graph\">{\"@context\":\"https:\\\/\\\/schema.org\",\"@graph\":[{\"@type\":\"WebPage\",\"@id\":\"https:\\\/\\\/www.ulrike-leopold.de\\\/home\\\/impressum_datenschutz\\\/\",\"url\":\"https:\\\/\\\/www.ulrike-leopold.de\\\/home\\\/impressum_datenschutz\\\/\",\"name\":\"Impressum und Datenschutz - Ulrike Leopold\",\"isPartOf\":{\"@id\":\"https:\\\/\\\/www.ulrike-leopold.de\\\/home\\\/#website\"},\"datePublished\":\"2016-10-14T15:22:51+00:00\",\"dateModified\":\"2022-12-29T15:20:58+00:00\",\"breadcrumb\":{\"@id\":\"https:\\\/\\\/www.ulrike-leopold.de\\\/home\\\/impressum_datenschutz\\\/#breadcrumb\"},\"inLanguage\":\"de\",\"potentialAction\":[{\"@type\":\"ReadAction\",\"target\":[\"https:\\\/\\\/www.ulrike-leopold.de\\\/home\\\/impressum_datenschutz\\\/\"]}]},{\"@type\":\"BreadcrumbList\",\"@id\":\"https:\\\/\\\/www.ulrike-leopold.de\\\/home\\\/impressum_datenschutz\\\/#breadcrumb\",\"itemListElement\":[{\"@type\":\"ListItem\",\"position\":1,\"name\":\"Startseite\",\"item\":\"https:\\\/\\\/www.ulrike-leopold.de\\\/home\\\/\"},{\"@type\":\"ListItem\",\"position\":2,\"name\":\"Impressum und Datenschutz\"}]},{\"@type\":\"WebSite\",\"@id\":\"https:\\\/\\\/www.ulrike-leopold.de\\\/home\\\/#website\",\"url\":\"https:\\\/\\\/www.ulrike-leopold.de\\\/home\\\/\",\"name\":\"Ulrike Leopold\",\"description\":\"Malerei und Zeichnung\",\"publisher\":{\"@id\":\"https:\\\/\\\/www.ulrike-leopold.de\\\/home\\\/#\\\/schema\\\/person\\\/1bb05548ef8c3706b3ed43a49d201731\"},\"potentialAction\":[{\"@type\":\"SearchAction\",\"target\":{\"@type\":\"EntryPoint\",\"urlTemplate\":\"https:\\\/\\\/www.ulrike-leopold.de\\\/home\\\/?s={search_term_string}\"},\"query-input\":{\"@type\":\"PropertyValueSpecification\",\"valueRequired\":true,\"valueName\":\"search_term_string\"}}],\"inLanguage\":\"de\"},{\"@type\":[\"Person\",\"Organization\"],\"@id\":\"https:\\\/\\\/www.ulrike-leopold.de\\\/home\\\/#\\\/schema\\\/person\\\/1bb05548ef8c3706b3ed43a49d201731\",\"name\":\"ulli\",\"image\":{\"@type\":\"ImageObject\",\"inLanguage\":\"de\",\"@id\":\"https:\\\/\\\/secure.gravatar.com\\\/avatar\\\/11a80f167712a54e0708205c339a2e8a1703d5d003aeb30a0e5a540844b892a9?s=96&d=mm&r=g\",\"url\":\"https:\\\/\\\/secure.gravatar.com\\\/avatar\\\/11a80f167712a54e0708205c339a2e8a1703d5d003aeb30a0e5a540844b892a9?s=96&d=mm&r=g\",\"contentUrl\":\"https:\\\/\\\/secure.gravatar.com\\\/avatar\\\/11a80f167712a54e0708205c339a2e8a1703d5d003aeb30a0e5a540844b892a9?s=96&d=mm&r=g\",\"caption\":\"ulli\"},\"logo\":{\"@id\":\"https:\\\/\\\/secure.gravatar.com\\\/avatar\\\/11a80f167712a54e0708205c339a2e8a1703d5d003aeb30a0e5a540844b892a9?s=96&d=mm&r=g\"}}]}<\/script>\n<!-- \/ Yoast SEO plugin. -->","yoast_head_json":{"title":"Impressum und Datenschutz - Ulrike Leopold","robots":{"index":"index","follow":"follow","max-snippet":"max-snippet:-1","max-image-preview":"max-image-preview:large","max-video-preview":"max-video-preview:-1"},"canonical":"https:\/\/www.ulrike-leopold.de\/home\/impressum_datenschutz\/","og_locale":"de_DE","og_type":"article","og_title":"Impressum und Datenschutz - Ulrike Leopold","og_description":"Impressum Verantwortlich f\u00fcr den Inhalt: Ulrike Leopold kunst(at)ulrike-leopold.de Angaben gem\u00e4\u00df \u00a7 5 TMG: &nbsp; Haftungsausschluss (Disclaimer) Haftung f\u00fcr Inhalte Als Diensteanbieter sind wir gem\u00e4\u00df \u00a7 7 Abs.1 TMG f\u00fcr eigene Inhalte auf diesen Seiten nach den allgemeinen Gesetzen verantwortlich. Nach \u00a7\u00a7 8 bis 10 TMG sind wir als Diensteanbieter jedoch nicht verpflichtet, \u00fcbermittelte oder gespeicherte [&hellip;]","og_url":"https:\/\/www.ulrike-leopold.de\/home\/impressum_datenschutz\/","og_site_name":"Ulrike Leopold","article_modified_time":"2022-12-29T15:20:58+00:00","twitter_card":"summary_large_image","twitter_misc":{"Gesch\u00e4tzte Lesezeit":"2\u00a0Minuten"},"schema":{"@context":"https:\/\/schema.org","@graph":[{"@type":"WebPage","@id":"https:\/\/www.ulrike-leopold.de\/home\/impressum_datenschutz\/","url":"https:\/\/www.ulrike-leopold.de\/home\/impressum_datenschutz\/","name":"Impressum und Datenschutz - Ulrike Leopold","isPartOf":{"@id":"https:\/\/www.ulrike-leopold.de\/home\/#website"},"datePublished":"2016-10-14T15:22:51+00:00","dateModified":"2022-12-29T15:20:58+00:00","breadcrumb":{"@id":"https:\/\/www.ulrike-leopold.de\/home\/impressum_datenschutz\/#breadcrumb"},"inLanguage":"de","potentialAction":[{"@type":"ReadAction","target":["https:\/\/www.ulrike-leopold.de\/home\/impressum_datenschutz\/"]}]},{"@type":"BreadcrumbList","@id":"https:\/\/www.ulrike-leopold.de\/home\/impressum_datenschutz\/#breadcrumb","itemListElement":[{"@type":"ListItem","position":1,"name":"Startseite","item":"https:\/\/www.ulrike-leopold.de\/home\/"},{"@type":"ListItem","position":2,"name":"Impressum und Datenschutz"}]},{"@type":"WebSite","@id":"https:\/\/www.ulrike-leopold.de\/home\/#website","url":"https:\/\/www.ulrike-leopold.de\/home\/","name":"Ulrike Leopold","description":"Malerei und Zeichnung","publisher":{"@id":"https:\/\/www.ulrike-leopold.de\/home\/#\/schema\/person\/1bb05548ef8c3706b3ed43a49d201731"},"potentialAction":[{"@type":"SearchAction","target":{"@type":"EntryPoint","urlTemplate":"https:\/\/www.ulrike-leopold.de\/home\/?s={search_term_string}"},"query-input":{"@type":"PropertyValueSpecification","valueRequired":true,"valueName":"search_term_string"}}],"inLanguage":"de"},{"@type":["Person","Organization"],"@id":"https:\/\/www.ulrike-leopold.de\/home\/#\/schema\/person\/1bb05548ef8c3706b3ed43a49d201731","name":"ulli","image":{"@type":"ImageObject","inLanguage":"de","@id":"https:\/\/secure.gravatar.com\/avatar\/11a80f167712a54e0708205c339a2e8a1703d5d003aeb30a0e5a540844b892a9?s=96&d=mm&r=g","url":"https:\/\/secure.gravatar.com\/avatar\/11a80f167712a54e0708205c339a2e8a1703d5d003aeb30a0e5a540844b892a9?s=96&d=mm&r=g","contentUrl":"https:\/\/secure.gravatar.com\/avatar\/11a80f167712a54e0708205c339a2e8a1703d5d003aeb30a0e5a540844b892a9?s=96&d=mm&r=g","caption":"ulli"},"logo":{"@id":"https:\/\/secure.gravatar.com\/avatar\/11a80f167712a54e0708205c339a2e8a1703d5d003aeb30a0e5a540844b892a9?s=96&d=mm&r=g"}}]}},"jetpack_sharing_enabled":true,"_links":{"self":[{"href":"https:\/\/www.ulrike-leopold.de\/home\/wp-json\/wp\/v2\/pages\/33","targetHints":{"allow":["GET"]}}],"collection":[{"href":"https:\/\/www.ulrike-leopold.de\/home\/wp-json\/wp\/v2\/pages"}],"about":[{"href":"https:\/\/www.ulrike-leopold.de\/home\/wp-json\/wp\/v2\/types\/page"}],"author":[{"embeddable":true,"href":"https:\/\/www.ulrike-leopold.de\/home\/wp-json\/wp\/v2\/users\/1"}],"replies":[{"embeddable":true,"href":"https:\/\/www.ulrike-leopold.de\/home\/wp-json\/wp\/v2\/comments?post=33"}],"version-history":[{"count":15,"href":"https:\/\/www.ulrike-leopold.de\/home\/wp-json\/wp\/v2\/pages\/33\/revisions"}],"predecessor-version":[{"id":1480,"href":"https:\/\/www.ulrike-leopold.de\/home\/wp-json\/wp\/v2\/pages\/33\/revisions\/1480"}],"wp:attachment":[{"href":"https:\/\/www.ulrike-leopold.de\/home\/wp-json\/wp\/v2\/media?parent=33"}],"wp:term":[{"taxonomy":"category","embeddable":true,"href":"https:\/\/www.ulrike-leopold.de\/home\/wp-json\/wp\/v2\/categories?post=33"},{"taxonomy":"post_tag","embeddable":true,"href":"https:\/\/www.ulrike-leopold.de\/home\/wp-json\/wp\/v2\/tags?post=33"}],"curies":[{"name":"wp","href":"https:\/\/api.w.org\/{rel}","templated":true}]}}