{"id":873,"date":"2017-02-04T17:49:55","date_gmt":"2017-02-04T16:49:55","guid":{"rendered":"http:\/\/www.ulli.ulrike-leopold.de\/home\/?page_id=873"},"modified":"2022-12-29T15:40:21","modified_gmt":"2022-12-29T14:40:21","slug":"alles-nur-ein-spiel","status":"publish","type":"page","link":"https:\/\/www.ulrike-leopold.de\/home\/malerei-2\/alles-nur-ein-spiel\/","title":{"rendered":"Alles nur ein Spiel"},"content":{"rendered":"<p><strong>Alles nur ein Spiel<\/strong><br \/>\nist der Titel f\u00fcr drei Bild-Serien, umgesetzt in Malerei, \u00dcbermalung und<br \/>\nZeichnung. Die Vorlagen dazu, Fotos aus dem Bereich Sport lieferten<br \/>\nMedien wie Zeitungen, Zeitschriften u.\u00e4. Dabei interessierte mich die<br \/>\nBegegnung von Bewegung und Geste, verbunden mit den unterschied-<br \/>\nlichsten Emotionen. Besonders deutlich findet man die ganze Bandbreite<br \/>\nelementarer Gef\u00fchle wie Freude, Verzweiflung, Angst, Abwehr, Verbissenheit . . .<br \/>\nbeim Fu\u00dfball &#8211; Alles nur ein Spiel!? Die Welt im Kleinen.<\/p>\n<p>Den Text zur Ausstellung <em>&#8218;Alles nur ein Spiel&#8216;\u00a0<\/em> in der Kleinen Galerie Bremen<strong><br \/>\n<\/strong>finden Sie unter dem Men\u00fc<strong><a href=\"https:\/\/www.ulrike-leopold.de\/home\/texte\/alles-nur-ein-spiel\/\"> Texte<\/a>\u00a0<\/strong><\/p>\n","protected":false},"excerpt":{"rendered":"<p>Alles nur ein Spiel ist der Titel f\u00fcr drei Bild-Serien, umgesetzt in Malerei, \u00dcbermalung und Zeichnung. Die Vorlagen dazu, Fotos aus dem Bereich Sport lieferten Medien wie Zeitungen, Zeitschriften u.\u00e4. Dabei interessierte mich die Begegnung von Bewegung und Geste, verbunden mit den unterschied- lichsten Emotionen. Besonders deutlich findet man die ganze Bandbreite elementarer Gef\u00fchle wie [&hellip;]<\/p>\n","protected":false},"author":1,"featured_media":0,"parent":25,"menu_order":0,"comment_status":"closed","ping_status":"closed","template":"","meta":{"footnotes":""},"categories":[23,27],"tags":[],"class_list":["post-873","page","type-page","status-publish","hentry","category-alles-nur-ein-spiel","category-malerei"],"yoast_head":"<!-- This site is optimized with the Yoast SEO plugin v27.4 - https:\/\/yoast.com\/product\/yoast-seo-wordpress\/ -->\n<title>Alles nur ein Spiel - Ulrike Leopold<\/title>\n<meta name=\"robots\" content=\"index, follow, max-snippet:-1, max-image-preview:large, max-video-preview:-1\" \/>\n<link rel=\"canonical\" href=\"https:\/\/www.ulrike-leopold.de\/home\/malerei-2\/alles-nur-ein-spiel\/\" \/>\n<meta property=\"og:locale\" content=\"de_DE\" \/>\n<meta property=\"og:type\" content=\"article\" \/>\n<meta property=\"og:title\" content=\"Alles nur ein Spiel - Ulrike Leopold\" \/>\n<meta property=\"og:description\" content=\"Alles nur ein Spiel ist der Titel f\u00fcr drei Bild-Serien, umgesetzt in Malerei, \u00dcbermalung und Zeichnung. Die Vorlagen dazu, Fotos aus dem Bereich Sport lieferten Medien wie Zeitungen, Zeitschriften u.\u00e4. Dabei interessierte mich die Begegnung von Bewegung und Geste, verbunden mit den unterschied- lichsten Emotionen. Besonders deutlich findet man die ganze Bandbreite elementarer Gef\u00fchle wie [&hellip;]\" \/>\n<meta property=\"og:url\" content=\"https:\/\/www.ulrike-leopold.de\/home\/malerei-2\/alles-nur-ein-spiel\/\" \/>\n<meta property=\"og:site_name\" content=\"Ulrike Leopold\" \/>\n<meta property=\"article:modified_time\" content=\"2022-12-29T14:40:21+00:00\" \/>\n<meta name=\"twitter:card\" content=\"summary_large_image\" \/>\n<meta name=\"twitter:label1\" content=\"Gesch\u00e4tzte Lesezeit\" \/>\n\t<meta name=\"twitter:data1\" content=\"1\u00a0Minute\" \/>\n<script type=\"application\/ld+json\" class=\"yoast-schema-graph\">{\"@context\":\"https:\\\/\\\/schema.org\",\"@graph\":[{\"@type\":\"WebPage\",\"@id\":\"https:\\\/\\\/www.ulrike-leopold.de\\\/home\\\/malerei-2\\\/alles-nur-ein-spiel\\\/\",\"url\":\"https:\\\/\\\/www.ulrike-leopold.de\\\/home\\\/malerei-2\\\/alles-nur-ein-spiel\\\/\",\"name\":\"Alles nur ein Spiel - Ulrike Leopold\",\"isPartOf\":{\"@id\":\"https:\\\/\\\/www.ulrike-leopold.de\\\/home\\\/#website\"},\"datePublished\":\"2017-02-04T16:49:55+00:00\",\"dateModified\":\"2022-12-29T14:40:21+00:00\",\"breadcrumb\":{\"@id\":\"https:\\\/\\\/www.ulrike-leopold.de\\\/home\\\/malerei-2\\\/alles-nur-ein-spiel\\\/#breadcrumb\"},\"inLanguage\":\"de\",\"potentialAction\":[{\"@type\":\"ReadAction\",\"target\":[\"https:\\\/\\\/www.ulrike-leopold.de\\\/home\\\/malerei-2\\\/alles-nur-ein-spiel\\\/\"]}]},{\"@type\":\"BreadcrumbList\",\"@id\":\"https:\\\/\\\/www.ulrike-leopold.de\\\/home\\\/malerei-2\\\/alles-nur-ein-spiel\\\/#breadcrumb\",\"itemListElement\":[{\"@type\":\"ListItem\",\"position\":1,\"name\":\"Startseite\",\"item\":\"https:\\\/\\\/www.ulrike-leopold.de\\\/home\\\/\"},{\"@type\":\"ListItem\",\"position\":2,\"name\":\"Malerei\",\"item\":\"https:\\\/\\\/www.ulrike-leopold.de\\\/home\\\/malerei-2\\\/\"},{\"@type\":\"ListItem\",\"position\":3,\"name\":\"Alles nur ein Spiel\"}]},{\"@type\":\"WebSite\",\"@id\":\"https:\\\/\\\/www.ulrike-leopold.de\\\/home\\\/#website\",\"url\":\"https:\\\/\\\/www.ulrike-leopold.de\\\/home\\\/\",\"name\":\"Ulrike Leopold\",\"description\":\"Malerei und Zeichnung\",\"publisher\":{\"@id\":\"https:\\\/\\\/www.ulrike-leopold.de\\\/home\\\/#\\\/schema\\\/person\\\/1bb05548ef8c3706b3ed43a49d201731\"},\"potentialAction\":[{\"@type\":\"SearchAction\",\"target\":{\"@type\":\"EntryPoint\",\"urlTemplate\":\"https:\\\/\\\/www.ulrike-leopold.de\\\/home\\\/?s={search_term_string}\"},\"query-input\":{\"@type\":\"PropertyValueSpecification\",\"valueRequired\":true,\"valueName\":\"search_term_string\"}}],\"inLanguage\":\"de\"},{\"@type\":[\"Person\",\"Organization\"],\"@id\":\"https:\\\/\\\/www.ulrike-leopold.de\\\/home\\\/#\\\/schema\\\/person\\\/1bb05548ef8c3706b3ed43a49d201731\",\"name\":\"ulli\",\"image\":{\"@type\":\"ImageObject\",\"inLanguage\":\"de\",\"@id\":\"https:\\\/\\\/secure.gravatar.com\\\/avatar\\\/11a80f167712a54e0708205c339a2e8a1703d5d003aeb30a0e5a540844b892a9?s=96&d=mm&r=g\",\"url\":\"https:\\\/\\\/secure.gravatar.com\\\/avatar\\\/11a80f167712a54e0708205c339a2e8a1703d5d003aeb30a0e5a540844b892a9?s=96&d=mm&r=g\",\"contentUrl\":\"https:\\\/\\\/secure.gravatar.com\\\/avatar\\\/11a80f167712a54e0708205c339a2e8a1703d5d003aeb30a0e5a540844b892a9?s=96&d=mm&r=g\",\"caption\":\"ulli\"},\"logo\":{\"@id\":\"https:\\\/\\\/secure.gravatar.com\\\/avatar\\\/11a80f167712a54e0708205c339a2e8a1703d5d003aeb30a0e5a540844b892a9?s=96&d=mm&r=g\"}}]}<\/script>\n<!-- \/ Yoast SEO plugin. -->","yoast_head_json":{"title":"Alles nur ein Spiel - Ulrike Leopold","robots":{"index":"index","follow":"follow","max-snippet":"max-snippet:-1","max-image-preview":"max-image-preview:large","max-video-preview":"max-video-preview:-1"},"canonical":"https:\/\/www.ulrike-leopold.de\/home\/malerei-2\/alles-nur-ein-spiel\/","og_locale":"de_DE","og_type":"article","og_title":"Alles nur ein Spiel - Ulrike Leopold","og_description":"Alles nur ein Spiel ist der Titel f\u00fcr drei Bild-Serien, umgesetzt in Malerei, \u00dcbermalung und Zeichnung. Die Vorlagen dazu, Fotos aus dem Bereich Sport lieferten Medien wie Zeitungen, Zeitschriften u.\u00e4. Dabei interessierte mich die Begegnung von Bewegung und Geste, verbunden mit den unterschied- lichsten Emotionen. Besonders deutlich findet man die ganze Bandbreite elementarer Gef\u00fchle wie [&hellip;]","og_url":"https:\/\/www.ulrike-leopold.de\/home\/malerei-2\/alles-nur-ein-spiel\/","og_site_name":"Ulrike Leopold","article_modified_time":"2022-12-29T14:40:21+00:00","twitter_card":"summary_large_image","twitter_misc":{"Gesch\u00e4tzte Lesezeit":"1\u00a0Minute"},"schema":{"@context":"https:\/\/schema.org","@graph":[{"@type":"WebPage","@id":"https:\/\/www.ulrike-leopold.de\/home\/malerei-2\/alles-nur-ein-spiel\/","url":"https:\/\/www.ulrike-leopold.de\/home\/malerei-2\/alles-nur-ein-spiel\/","name":"Alles nur ein Spiel - Ulrike Leopold","isPartOf":{"@id":"https:\/\/www.ulrike-leopold.de\/home\/#website"},"datePublished":"2017-02-04T16:49:55+00:00","dateModified":"2022-12-29T14:40:21+00:00","breadcrumb":{"@id":"https:\/\/www.ulrike-leopold.de\/home\/malerei-2\/alles-nur-ein-spiel\/#breadcrumb"},"inLanguage":"de","potentialAction":[{"@type":"ReadAction","target":["https:\/\/www.ulrike-leopold.de\/home\/malerei-2\/alles-nur-ein-spiel\/"]}]},{"@type":"BreadcrumbList","@id":"https:\/\/www.ulrike-leopold.de\/home\/malerei-2\/alles-nur-ein-spiel\/#breadcrumb","itemListElement":[{"@type":"ListItem","position":1,"name":"Startseite","item":"https:\/\/www.ulrike-leopold.de\/home\/"},{"@type":"ListItem","position":2,"name":"Malerei","item":"https:\/\/www.ulrike-leopold.de\/home\/malerei-2\/"},{"@type":"ListItem","position":3,"name":"Alles nur ein Spiel"}]},{"@type":"WebSite","@id":"https:\/\/www.ulrike-leopold.de\/home\/#website","url":"https:\/\/www.ulrike-leopold.de\/home\/","name":"Ulrike Leopold","description":"Malerei und Zeichnung","publisher":{"@id":"https:\/\/www.ulrike-leopold.de\/home\/#\/schema\/person\/1bb05548ef8c3706b3ed43a49d201731"},"potentialAction":[{"@type":"SearchAction","target":{"@type":"EntryPoint","urlTemplate":"https:\/\/www.ulrike-leopold.de\/home\/?s={search_term_string}"},"query-input":{"@type":"PropertyValueSpecification","valueRequired":true,"valueName":"search_term_string"}}],"inLanguage":"de"},{"@type":["Person","Organization"],"@id":"https:\/\/www.ulrike-leopold.de\/home\/#\/schema\/person\/1bb05548ef8c3706b3ed43a49d201731","name":"ulli","image":{"@type":"ImageObject","inLanguage":"de","@id":"https:\/\/secure.gravatar.com\/avatar\/11a80f167712a54e0708205c339a2e8a1703d5d003aeb30a0e5a540844b892a9?s=96&d=mm&r=g","url":"https:\/\/secure.gravatar.com\/avatar\/11a80f167712a54e0708205c339a2e8a1703d5d003aeb30a0e5a540844b892a9?s=96&d=mm&r=g","contentUrl":"https:\/\/secure.gravatar.com\/avatar\/11a80f167712a54e0708205c339a2e8a1703d5d003aeb30a0e5a540844b892a9?s=96&d=mm&r=g","caption":"ulli"},"logo":{"@id":"https:\/\/secure.gravatar.com\/avatar\/11a80f167712a54e0708205c339a2e8a1703d5d003aeb30a0e5a540844b892a9?s=96&d=mm&r=g"}}]}},"jetpack_sharing_enabled":true,"_links":{"self":[{"href":"https:\/\/www.ulrike-leopold.de\/home\/wp-json\/wp\/v2\/pages\/873","targetHints":{"allow":["GET"]}}],"collection":[{"href":"https:\/\/www.ulrike-leopold.de\/home\/wp-json\/wp\/v2\/pages"}],"about":[{"href":"https:\/\/www.ulrike-leopold.de\/home\/wp-json\/wp\/v2\/types\/page"}],"author":[{"embeddable":true,"href":"https:\/\/www.ulrike-leopold.de\/home\/wp-json\/wp\/v2\/users\/1"}],"replies":[{"embeddable":true,"href":"https:\/\/www.ulrike-leopold.de\/home\/wp-json\/wp\/v2\/comments?post=873"}],"version-history":[{"count":17,"href":"https:\/\/www.ulrike-leopold.de\/home\/wp-json\/wp\/v2\/pages\/873\/revisions"}],"predecessor-version":[{"id":1791,"href":"https:\/\/www.ulrike-leopold.de\/home\/wp-json\/wp\/v2\/pages\/873\/revisions\/1791"}],"up":[{"embeddable":true,"href":"https:\/\/www.ulrike-leopold.de\/home\/wp-json\/wp\/v2\/pages\/25"}],"wp:attachment":[{"href":"https:\/\/www.ulrike-leopold.de\/home\/wp-json\/wp\/v2\/media?parent=873"}],"wp:term":[{"taxonomy":"category","embeddable":true,"href":"https:\/\/www.ulrike-leopold.de\/home\/wp-json\/wp\/v2\/categories?post=873"},{"taxonomy":"post_tag","embeddable":true,"href":"https:\/\/www.ulrike-leopold.de\/home\/wp-json\/wp\/v2\/tags?post=873"}],"curies":[{"name":"wp","href":"https:\/\/api.w.org\/{rel}","templated":true}]}}